{"id":10423,"date":"2018-08-22T06:25:08","date_gmt":"2018-08-22T06:25:08","guid":{"rendered":"https:\/\/moirai.si\/?post_type=product&#038;p=10423"},"modified":"2025-11-11T13:41:17","modified_gmt":"2025-11-11T13:41:17","slug":"auge-des-tigers-l","status":"publish","type":"product","link":"https:\/\/moirai.si\/de\/izdelek\/tigrovo-oko-l\/","title":{"rendered":"Tigerauge L"},"content":{"rendered":"<p>Ein wundersch\u00f6nes St\u00fcck poliertes Tigerauge, geeignet als heilender Handstein oder als Geschenk f\u00fcr Ihre Lieben. Das Bild ist symbolisch. Geringf\u00fcgige Abweichungen in Farbe, Gewicht und Form k\u00f6nnen auftreten.<\/p>\n<p>Weitere Informationen: <a href=\"https:\/\/moirai.si\/de\/das-auge-des-tigers\/\" target=\"_blank\" rel=\"noopener noreferrer\">Tigerauge<\/a><\/p>\n<p>MATERIAL: Tiger's Eye (S\u00fcdafrika)<br \/>\nABMESSUNGEN: ca. 3,5 cm<br \/>\nGEWICHT: 15-25 g<\/p>","protected":false},"excerpt":{"rendered":"<p>\u010cudovit kos spoliranega Tigrovega O\u010desa, primeren kot zdravilni ro\u010dni kamen ali kot darilo za va\u0161e najbli\u017enje. Slika je simboli\u010dna. Mo\u017ena so manj\u0161a odstopanja v barvi, te\u017ei in obliki. Ve\u010d informacij: Tigrovo Oko MATERIAL: Tigrovo Oko (Ju\u017ena Afrika) DIMENZIJE: cca 3,5 cm TE\u017dA: 15-25 g<\/p>","protected":false},"featured_media":22508,"template":"","meta":[],"product_brand":[],"product_cat":[753,81],"product_tag":[199],"class_list":{"0":"post-10423","1":"product","2":"type-product","3":"status-publish","4":"has-post-thumbnail","6":"product_cat-rocni-kamni","7":"product_cat-tigrovo-oko","8":"product_tag-tigrovo-oko","10":"first","11":"instock","12":"purchasable","13":"product-type-simple"},"_links":{"self":[{"href":"https:\/\/moirai.si\/de\/wp-json\/wp\/v2\/product\/10423","targetHints":{"allow":["GET"]}}],"collection":[{"href":"https:\/\/moirai.si\/de\/wp-json\/wp\/v2\/product"}],"about":[{"href":"https:\/\/moirai.si\/de\/wp-json\/wp\/v2\/types\/product"}],"wp:featuredmedia":[{"embeddable":true,"href":"https:\/\/moirai.si\/de\/wp-json\/wp\/v2\/media\/22508"}],"wp:attachment":[{"href":"https:\/\/moirai.si\/de\/wp-json\/wp\/v2\/media?parent=10423"}],"wp:term":[{"taxonomy":"product_brand","embeddable":true,"href":"https:\/\/moirai.si\/de\/wp-json\/wp\/v2\/product_brand?post=10423"},{"taxonomy":"product_cat","embeddable":true,"href":"https:\/\/moirai.si\/de\/wp-json\/wp\/v2\/product_cat?post=10423"},{"taxonomy":"product_tag","embeddable":true,"href":"https:\/\/moirai.si\/de\/wp-json\/wp\/v2\/product_tag?post=10423"}],"curies":[{"name":"wp","href":"https:\/\/api.w.org\/{rel}","templated":true}]}}