{"id":10943,"date":"2018-10-29T20:15:55","date_gmt":"2018-10-29T20:15:55","guid":{"rendered":"https:\/\/moirai.si\/?post_type=product&#038;p=10943"},"modified":"2026-03-26T12:47:34","modified_gmt":"2026-03-26T12:47:34","slug":"ahat-mahovni-m-2","status":"publish","type":"product","link":"https:\/\/moirai.si\/de\/izdelek\/ahat-mahovni-m-2\/","title":{"rendered":"Moosiger Achat M"},"content":{"rendered":"<p>Ein sch\u00f6nes St\u00fcck polierter Moosachat, geeignet als heilender Handstein oder als Geschenk f\u00fcr Ihre Lieben. Die Abbildung ist symbolisch. Geringe Abweichungen in Farbe, Gewicht und Form k\u00f6nnen auftreten.<\/p>\n<p>Weitere Informationen: <a href=\"https:\/\/moirai.si\/de\/achat\/\" target=\"_blank\" rel=\"noopener noreferrer\">Achat<\/a><\/p>\n<p>MATERIAL: Moosachat<br \/>\nABMESSUNGEN: ca. 1,5-2,5 cm<br \/>\nGEWICHT: 10-15 g<\/p>","protected":false},"excerpt":{"rendered":"<p>\u010cudovit kos spoliranega Mahovnega Ahata, primeren kot zdravilni ro\u010dni kamen ali kot darilo za va\u0161e najbli\u017enje. Slika je simboli\u010dna. Mo\u017ena so manj\u0161a odstopanja v barvi, te\u017ei in obliki. Ve\u010d informacij: Ahat MATERIAL: Mahovni Ahat DIMENZIJE: cca 1,5-2,5cm TE\u017dA: 10-15 g<\/p>","protected":false},"featured_media":22288,"template":"","meta":[],"product_brand":[],"product_cat":[30,753],"product_tag":[775],"class_list":{"0":"post-10943","1":"product","2":"type-product","3":"status-publish","4":"has-post-thumbnail","6":"product_cat-ahat","7":"product_cat-rocni-kamni","8":"product_tag-mahovni-ahat","10":"first","11":"instock","12":"purchasable","13":"product-type-simple"},"_links":{"self":[{"href":"https:\/\/moirai.si\/de\/wp-json\/wp\/v2\/product\/10943","targetHints":{"allow":["GET"]}}],"collection":[{"href":"https:\/\/moirai.si\/de\/wp-json\/wp\/v2\/product"}],"about":[{"href":"https:\/\/moirai.si\/de\/wp-json\/wp\/v2\/types\/product"}],"wp:featuredmedia":[{"embeddable":true,"href":"https:\/\/moirai.si\/de\/wp-json\/wp\/v2\/media\/22288"}],"wp:attachment":[{"href":"https:\/\/moirai.si\/de\/wp-json\/wp\/v2\/media?parent=10943"}],"wp:term":[{"taxonomy":"product_brand","embeddable":true,"href":"https:\/\/moirai.si\/de\/wp-json\/wp\/v2\/product_brand?post=10943"},{"taxonomy":"product_cat","embeddable":true,"href":"https:\/\/moirai.si\/de\/wp-json\/wp\/v2\/product_cat?post=10943"},{"taxonomy":"product_tag","embeddable":true,"href":"https:\/\/moirai.si\/de\/wp-json\/wp\/v2\/product_tag?post=10943"}],"curies":[{"name":"wp","href":"https:\/\/api.w.org\/{rel}","templated":true}]}}