{"id":10956,"date":"2018-10-29T21:43:01","date_gmt":"2018-10-29T21:43:01","guid":{"rendered":"https:\/\/moirai.si\/?post_type=product&#038;p=10956"},"modified":"2025-01-08T17:38:19","modified_gmt":"2025-01-08T17:38:19","slug":"steinschuss-m-3","status":"publish","type":"product","link":"https:\/\/moirai.si\/de\/izdelek\/kamena-strela-m-3\/","title":{"rendered":"Bergkristall M"},"content":{"rendered":"<p>Ein sch\u00f6nes St\u00fcck unbearbeiteter Lightning Stone (Indien), geeignet als heilender Handstein oder als Geschenk. Die Abbildung ist symbolisch. Geringf\u00fcgige Abweichungen in Farbe, Gewicht und Form k\u00f6nnen auftreten.<\/p>\n<p>Weitere Informationen: <a href=\"https:\/\/moirai.si\/de\/bergkristall\/\" target=\"_blank\" rel=\"noopener noreferrer\">Bergkristall<\/a><\/p>\n<p>MATERIAL: Kamena Strela<br \/>\nABMESSUNGEN: 2,5-5 cm<br \/>\nGEWICHT: 10-15 g<\/p>","protected":false},"excerpt":{"rendered":"<p>\u010cudovit kos neobdelane Kamene Strele (Indija), primeren kot zdravilni ro\u010dni kamen ali kot darilo. Slika je simboli\u010dna. Mo\u017ena so manj\u0161a odstopanja v barvi, te\u017ei in obliki. Ve\u010d informacij: Kamena Strela MATERIAL: Kamena Strela DIMENZIJE: 2.5-5 cm TE\u017dA: 10-15 g<\/p>","protected":false},"featured_media":25759,"template":"","meta":[],"product_brand":[],"product_cat":[68,185,848],"product_tag":[203],"class_list":{"0":"post-10956","1":"product","2":"type-product","3":"status-publish","4":"has-post-thumbnail","6":"product_cat-kamena-strela","7":"product_cat-kristali-in-minerali","8":"product_cat-kvarc","9":"product_tag-kamena-strela","11":"first","12":"instock","13":"purchasable","14":"product-type-simple"},"_links":{"self":[{"href":"https:\/\/moirai.si\/de\/wp-json\/wp\/v2\/product\/10956","targetHints":{"allow":["GET"]}}],"collection":[{"href":"https:\/\/moirai.si\/de\/wp-json\/wp\/v2\/product"}],"about":[{"href":"https:\/\/moirai.si\/de\/wp-json\/wp\/v2\/types\/product"}],"wp:featuredmedia":[{"embeddable":true,"href":"https:\/\/moirai.si\/de\/wp-json\/wp\/v2\/media\/25759"}],"wp:attachment":[{"href":"https:\/\/moirai.si\/de\/wp-json\/wp\/v2\/media?parent=10956"}],"wp:term":[{"taxonomy":"product_brand","embeddable":true,"href":"https:\/\/moirai.si\/de\/wp-json\/wp\/v2\/product_brand?post=10956"},{"taxonomy":"product_cat","embeddable":true,"href":"https:\/\/moirai.si\/de\/wp-json\/wp\/v2\/product_cat?post=10956"},{"taxonomy":"product_tag","embeddable":true,"href":"https:\/\/moirai.si\/de\/wp-json\/wp\/v2\/product_tag?post=10956"}],"curies":[{"name":"wp","href":"https:\/\/api.w.org\/{rel}","templated":true}]}}