{"id":11134,"date":"2018-12-11T15:25:46","date_gmt":"2018-12-11T15:25:46","guid":{"rendered":"https:\/\/moirai.si\/?post_type=product&#038;p=11134"},"modified":"2025-06-23T08:29:23","modified_gmt":"2025-06-23T08:29:23","slug":"steinblitzpaar","status":"publish","type":"product","link":"https:\/\/moirai.si\/de\/izdelek\/kamena-strela-par\/","title":{"rendered":"Bergkristall - Paar"},"content":{"rendered":"<p>Zwei sch\u00f6ne St\u00fccke von polierten Stone Lightning Point. Das Bild ist symbolisch. Geringe Abweichungen in Farbe, Gewicht und Form sind m\u00f6glich.<\/p>\n<p>Weitere Informationen: <a href=\"https:\/\/moirai.si\/de\/bergkristall\/\" target=\"_blank\" rel=\"noopener noreferrer\">Bergkristall<\/a>, <a href=\"https:\/\/moirai.si\/de\/mehr-uber-mineralien\/\" target=\"_blank\" rel=\"noopener noreferrer\">Mehr \u00fcber Mineralien<\/a><\/p>\n<p>MATERIAL: Kamena Strela<br \/>\nABMESSUNGEN: ca. 3-6 cm<br \/>\nGEWICHT\/COM: 10-30 g<br \/>\nGEWICHT\/ GESAMT: ca. 60 g<\/p>","protected":false},"excerpt":{"rendered":"<p>Dva \u010dudovita kosa spolirane \u0161pice iz Kamene Strele. Slika je simboli\u010dna. Mo\u017ena so manj\u0161a odstopanja v barvi, te\u017ei in obliki. Ve\u010d informacij: Kamena Strela, Ve\u010d o mineralih MATERIAL: Kamena Strela DIMENZIJE: cca 3-6 cm TE\u017dA\/KOM: 10-30 g TE\u017dA\/ SKUPAJ: cca 60 g<\/p>","protected":false},"featured_media":25747,"template":"","meta":[],"product_brand":[],"product_cat":[68,185,848],"product_tag":[203],"class_list":{"0":"post-11134","1":"product","2":"type-product","3":"status-publish","4":"has-post-thumbnail","6":"product_cat-kamena-strela","7":"product_cat-kristali-in-minerali","8":"product_cat-kvarc","9":"product_tag-kamena-strela","11":"first","12":"instock","13":"purchasable","14":"product-type-simple"},"_links":{"self":[{"href":"https:\/\/moirai.si\/de\/wp-json\/wp\/v2\/product\/11134","targetHints":{"allow":["GET"]}}],"collection":[{"href":"https:\/\/moirai.si\/de\/wp-json\/wp\/v2\/product"}],"about":[{"href":"https:\/\/moirai.si\/de\/wp-json\/wp\/v2\/types\/product"}],"wp:featuredmedia":[{"embeddable":true,"href":"https:\/\/moirai.si\/de\/wp-json\/wp\/v2\/media\/25747"}],"wp:attachment":[{"href":"https:\/\/moirai.si\/de\/wp-json\/wp\/v2\/media?parent=11134"}],"wp:term":[{"taxonomy":"product_brand","embeddable":true,"href":"https:\/\/moirai.si\/de\/wp-json\/wp\/v2\/product_brand?post=11134"},{"taxonomy":"product_cat","embeddable":true,"href":"https:\/\/moirai.si\/de\/wp-json\/wp\/v2\/product_cat?post=11134"},{"taxonomy":"product_tag","embeddable":true,"href":"https:\/\/moirai.si\/de\/wp-json\/wp\/v2\/product_tag?post=11134"}],"curies":[{"name":"wp","href":"https:\/\/api.w.org\/{rel}","templated":true}]}}