{"id":11420,"date":"2019-01-12T17:22:31","date_gmt":"2019-01-12T17:22:31","guid":{"rendered":"https:\/\/moirai.si\/?post_type=product&#038;p=11420"},"modified":"2025-12-22T11:56:47","modified_gmt":"2025-12-22T11:56:47","slug":"clasic-mesecev-3","status":"publish","type":"product","link":"https:\/\/moirai.si\/de\/izdelek\/clasic-mesecev-3\/","title":{"rendered":"Klassiker Mondstein"},"content":{"rendered":"<p>Elegantes Armband aus der Clasic-Kollektion, gefertigt aus Mondstein und 925er Sterlingsilber, aufgereiht auf einem weichen, aber starken Stahldraht.<\/p>\n<p>MATERIAL: Mese\u010dev kamen, rodinirano Srebro 925<br \/>\nL\u00c4NGE: einstellbar 18-20,5 cm<br \/>\nGEWICHT: 15,4 g<br \/>\nSteingr\u00f6\u00dfe: 6-8 mm<br \/>\nSchlie\u00dfe: 9 mm<\/p>","protected":false},"excerpt":{"rendered":"<p>Elegantna zapestnica kolekcije Clasic, ki je narejena iz Mese\u010devega kamna ter rodiniranih srebrnih 925 elementov, nizana na mehko, vendar mo\u010dno jekleno \u017eico. MATERIAL: Mese\u010dev kamen, rodinirano Srebro 925 DOL\u017dINA: prilagodljiva 18-20,5 cm TE\u017dA: 15.4 g VELIKOST KAMNOV: 6-8 mm ZAPONKA: 9 mm<\/p>","protected":false},"featured_media":24154,"template":"","meta":[],"product_brand":[],"product_cat":[208,820,59,821,822,823,1137],"product_tag":[366,637],"class_list":{"0":"post-11420","1":"product","2":"type-product","3":"status-publish","4":"has-post-thumbnail","6":"product_cat-clasic","7":"product_cat-do-18cm","8":"product_cat-mesecev-kamen","9":"product_cat-od-18-do-19cm","10":"product_cat-od-19-do-20cm","11":"product_cat-od-20cm","12":"product_cat-ogled-vseh-zapestnice-2","13":"product_tag-mesecev-kamen","14":"product_tag-rodinirano-srebro-925","16":"first","17":"instock","18":"purchasable","19":"product-type-simple"},"_links":{"self":[{"href":"https:\/\/moirai.si\/de\/wp-json\/wp\/v2\/product\/11420","targetHints":{"allow":["GET"]}}],"collection":[{"href":"https:\/\/moirai.si\/de\/wp-json\/wp\/v2\/product"}],"about":[{"href":"https:\/\/moirai.si\/de\/wp-json\/wp\/v2\/types\/product"}],"wp:featuredmedia":[{"embeddable":true,"href":"https:\/\/moirai.si\/de\/wp-json\/wp\/v2\/media\/24154"}],"wp:attachment":[{"href":"https:\/\/moirai.si\/de\/wp-json\/wp\/v2\/media?parent=11420"}],"wp:term":[{"taxonomy":"product_brand","embeddable":true,"href":"https:\/\/moirai.si\/de\/wp-json\/wp\/v2\/product_brand?post=11420"},{"taxonomy":"product_cat","embeddable":true,"href":"https:\/\/moirai.si\/de\/wp-json\/wp\/v2\/product_cat?post=11420"},{"taxonomy":"product_tag","embeddable":true,"href":"https:\/\/moirai.si\/de\/wp-json\/wp\/v2\/product_tag?post=11420"}],"curies":[{"name":"wp","href":"https:\/\/api.w.org\/{rel}","templated":true}]}}