{"id":11440,"date":"2019-01-13T17:06:57","date_gmt":"2019-01-13T17:06:57","guid":{"rendered":"https:\/\/moirai.si\/?post_type=product&#038;p=11440"},"modified":"2026-03-26T13:24:47","modified_gmt":"2026-03-26T13:24:47","slug":"clasic-mix-cakra-5","status":"publish","type":"product","link":"https:\/\/moirai.si\/de\/izdelek\/clasic-mix-cakra-5\/","title":{"rendered":"Clasic Mix Chakra"},"content":{"rendered":"<p>Elegantes Armband aus der Clasic-Kollektion, gefertigt aus verschiedenen Steinen, aufgereiht auf einem weichen, aber stabilen Stahldraht und veredelt mit Silberelementen. Die Abbildung ist symbolisch. Leichte Abweichungen in Gewicht und Farbe sind m\u00f6glich.  <\/p>\n<p>MATERIAL: Achat, Onyx, Schwarzer Turmalin, Blitzstein, Rosenquarz, Amethyst, Mondstein, Karneol, Roter Jaspis, Zoisit, Amazonit, Sodalith, Lapislazuli, Hawkeye (Schwarzes Tigerauge), Provincial Jaspis, Tigerauge, Botswana-Achat, H\u00e4matit, Schwarzer Obsidian, Rubin-Zoisit, Sterling Silber 925<br \/>\nL\u00c4NGE: einstellbar 17,5-20 cm<br \/>\nGEWICHT: ca. 16 g<br \/>\nSteingr\u00f6\u00dfe: 6-8 mm<br \/>\nSchlie\u00dfe: 9 mm<\/p>","protected":false},"excerpt":{"rendered":"<p>Elegantna zapestnica kolekcije Clasic, ki je narejena iz razli\u010dnih kamnov, nizana na mehko, vendar mo\u010dno jekleno \u017eico in zaklju\u010dena s srebrnimi elementi. Slika je simboli\u010dna. Mo\u017ena so manj\u0161a odstopanja v te\u017ei in barvi. MATERIAL: Ahat, Oniks, \u010drni Turmalin, Kamena Strela, Ro\u017eevec, Ametist, Mese\u010dev Kamen, Karneol, rde\u010di Jaspis, Zoisit, Amazonit, Sodalit, Lapis Lazuli, Sokolje oko (\u010drno [&hellip;]<\/p>\n","protected":false},"featured_media":25592,"template":"","meta":[],"product_brand":[],"product_cat":[30,32,33,208,820,42,47,68,48,848,55,59,63,821,822,823,1137,62,69,73,77,76,81,85,849],"product_tag":[277,228,195,400,868,766,202,203,198,280,366,206,516,779,225,844,227,1017,371,199,951],"class_list":{"0":"post-11440","1":"product","2":"type-product","3":"status-publish","4":"has-post-thumbnail","6":"product_cat-ahat","7":"product_cat-amazonit","8":"product_cat-ametist","9":"product_cat-clasic","10":"product_cat-do-18cm","11":"product_cat-hematit","12":"product_cat-jaspis","13":"product_cat-kamena-strela","14":"product_cat-karneol","15":"product_cat-kvarc","16":"product_cat-lapis-lazuli","17":"product_cat-mesecev-kamen","18":"product_cat-obsidijan","19":"product_cat-od-18-do-19cm","20":"product_cat-od-19-do-20cm","21":"product_cat-od-20cm","22":"product_cat-ogled-vseh-zapestnice-2","23":"product_cat-oniks","24":"product_cat-rozevec","25":"product_cat-rubin","26":"product_cat-sodalit","27":"product_cat-sokolje-oko","28":"product_cat-tigrovo-oko","29":"product_cat-turmalin","30":"product_cat-zoisit","31":"product_tag-ahat","32":"product_tag-amazonit","33":"product_tag-ametist","34":"product_tag-botsvana-ahat","35":"product_tag-crni-obsidijan","36":"product_tag-crni-turmalin","37":"product_tag-hematit","38":"product_tag-kamena-strela","39":"product_tag-karneol","40":"product_tag-lapis-lazuli","41":"product_tag-mesecev-kamen","42":"product_tag-oniks","43":"product_tag-pokrajinski-jaspis","44":"product_tag-rdeci-jaspis","45":"product_tag-rozevec","46":"product_tag-rubin-zoisit","47":"product_tag-sodalit","48":"product_tag-sokolje-oko-crno-tigrovo-oko","49":"product_tag-srebro-925","50":"product_tag-tigrovo-oko","51":"product_tag-zoisit","53":"first","54":"instock","55":"featured","56":"purchasable","57":"product-type-simple"},"_links":{"self":[{"href":"https:\/\/moirai.si\/de\/wp-json\/wp\/v2\/product\/11440","targetHints":{"allow":["GET"]}}],"collection":[{"href":"https:\/\/moirai.si\/de\/wp-json\/wp\/v2\/product"}],"about":[{"href":"https:\/\/moirai.si\/de\/wp-json\/wp\/v2\/types\/product"}],"wp:featuredmedia":[{"embeddable":true,"href":"https:\/\/moirai.si\/de\/wp-json\/wp\/v2\/media\/25592"}],"wp:attachment":[{"href":"https:\/\/moirai.si\/de\/wp-json\/wp\/v2\/media?parent=11440"}],"wp:term":[{"taxonomy":"product_brand","embeddable":true,"href":"https:\/\/moirai.si\/de\/wp-json\/wp\/v2\/product_brand?post=11440"},{"taxonomy":"product_cat","embeddable":true,"href":"https:\/\/moirai.si\/de\/wp-json\/wp\/v2\/product_cat?post=11440"},{"taxonomy":"product_tag","embeddable":true,"href":"https:\/\/moirai.si\/de\/wp-json\/wp\/v2\/product_tag?post=11440"}],"curies":[{"name":"wp","href":"https:\/\/api.w.org\/{rel}","templated":true}]}}