{"id":11513,"date":"2019-01-16T12:49:47","date_gmt":"2019-01-16T12:49:47","guid":{"rendered":"https:\/\/moirai.si\/?post_type=product&#038;p=11513"},"modified":"2025-01-12T20:05:17","modified_gmt":"2025-01-12T20:05:17","slug":"argo-sterlingsilber-925-6","status":"publish","type":"product","link":"https:\/\/moirai.si\/de\/izdelek\/argo-srebro-925-6\/","title":{"rendered":"Argo Silber 925"},"content":{"rendered":"<p>Elegante Ohrringe aus der Argo-Kollektion in Form des Friedenssymbols, aus 925er Silber.<\/p>\n<p>MATERIAL: 925 Silber<br \/>\nGr\u00f6\u00dfe: 4,5\u00d71,2 cm<br \/>\nGEWICHT: 3,6 g<\/p>","protected":false},"excerpt":{"rendered":"<p>Elegantni uhani kolekcije Argo v obliki simbola miru, ki so narejeni iz srebra 925. MATERIAL: Srebro 925 VELIKOST: 4,5&#215;1,2 cm TE\u017dA: 3,6 g<\/p>","protected":false},"featured_media":18517,"template":"","meta":[],"product_brand":[],"product_cat":[191,1138,27,1140],"product_tag":[371],"class_list":{"0":"post-11513","1":"product","2":"type-product","3":"status-publish","4":"has-post-thumbnail","6":"product_cat-argo","7":"product_cat-ogled-vseh-uhani","8":"product_cat-uhani","9":"product_cat-uhani-argo","10":"product_tag-srebro-925","12":"first","13":"instock","14":"purchasable","15":"product-type-simple"},"_links":{"self":[{"href":"https:\/\/moirai.si\/de\/wp-json\/wp\/v2\/product\/11513","targetHints":{"allow":["GET"]}}],"collection":[{"href":"https:\/\/moirai.si\/de\/wp-json\/wp\/v2\/product"}],"about":[{"href":"https:\/\/moirai.si\/de\/wp-json\/wp\/v2\/types\/product"}],"wp:featuredmedia":[{"embeddable":true,"href":"https:\/\/moirai.si\/de\/wp-json\/wp\/v2\/media\/18517"}],"wp:attachment":[{"href":"https:\/\/moirai.si\/de\/wp-json\/wp\/v2\/media?parent=11513"}],"wp:term":[{"taxonomy":"product_brand","embeddable":true,"href":"https:\/\/moirai.si\/de\/wp-json\/wp\/v2\/product_brand?post=11513"},{"taxonomy":"product_cat","embeddable":true,"href":"https:\/\/moirai.si\/de\/wp-json\/wp\/v2\/product_cat?post=11513"},{"taxonomy":"product_tag","embeddable":true,"href":"https:\/\/moirai.si\/de\/wp-json\/wp\/v2\/product_tag?post=11513"}],"curies":[{"name":"wp","href":"https:\/\/api.w.org\/{rel}","templated":true}]}}