{"id":11539,"date":"2019-01-16T16:20:44","date_gmt":"2019-01-16T16:20:44","guid":{"rendered":"https:\/\/moirai.si\/?post_type=product&#038;p=11539"},"modified":"2025-01-14T16:11:04","modified_gmt":"2025-01-14T16:11:04","slug":"argo-perle","status":"publish","type":"product","link":"https:\/\/moirai.si\/de\/izdelek\/argo-biser\/","title":{"rendered":"Argo-Perle"},"content":{"rendered":"<p>Elegante Ohrringe aus der Argo-Kollektion, die aus wei\u00dfen S\u00fc\u00dfwasser-Zuchtperlen und 925er Silber gefertigt sind. <\/p>\n<p>MATERIAL: Wei\u00dfe S\u00fc\u00dfwasser-Zuchtperlen, Silber 925<br \/>\nL\u00c4NGE: 5,8 cm<br \/>\nGEWICHT: 5,8 g<br \/>\nPERLENGR\u00d6SSE: 6-15mm<\/p>","protected":false},"excerpt":{"rendered":"<p>Elegantni uhani kolekcije Argo, ki so narejeni iz belih Sladkovodno Gojenih Biserov in srebra 925. MATERIAL: beli Sladkovodno Gojeni Biseri, Srebro 925 DOL\u017dINA: 5,8 cm TE\u017dA: 5.8 g VELIKOST BISEROV: 6-15mm<\/p>","protected":false},"featured_media":25938,"template":"","meta":[],"product_brand":[],"product_cat":[191,687,1135,1138,27,1140,1139],"product_tag":[647,371],"class_list":{"0":"post-11539","1":"product","2":"type-product","3":"status-publish","4":"has-post-thumbnail","6":"product_cat-argo","7":"product_cat-biser","8":"product_cat-biseri-in-skoljke","9":"product_cat-ogled-vseh-uhani","10":"product_cat-uhani","11":"product_cat-uhani-argo","12":"product_cat-uhani-biseri","13":"product_tag-beli-sladkovodno-gojeni-biseri","14":"product_tag-srebro-925","16":"first","17":"instock","18":"purchasable","19":"product-type-simple"},"_links":{"self":[{"href":"https:\/\/moirai.si\/de\/wp-json\/wp\/v2\/product\/11539","targetHints":{"allow":["GET"]}}],"collection":[{"href":"https:\/\/moirai.si\/de\/wp-json\/wp\/v2\/product"}],"about":[{"href":"https:\/\/moirai.si\/de\/wp-json\/wp\/v2\/types\/product"}],"wp:featuredmedia":[{"embeddable":true,"href":"https:\/\/moirai.si\/de\/wp-json\/wp\/v2\/media\/25938"}],"wp:attachment":[{"href":"https:\/\/moirai.si\/de\/wp-json\/wp\/v2\/media?parent=11539"}],"wp:term":[{"taxonomy":"product_brand","embeddable":true,"href":"https:\/\/moirai.si\/de\/wp-json\/wp\/v2\/product_brand?post=11539"},{"taxonomy":"product_cat","embeddable":true,"href":"https:\/\/moirai.si\/de\/wp-json\/wp\/v2\/product_cat?post=11539"},{"taxonomy":"product_tag","embeddable":true,"href":"https:\/\/moirai.si\/de\/wp-json\/wp\/v2\/product_tag?post=11539"}],"curies":[{"name":"wp","href":"https:\/\/api.w.org\/{rel}","templated":true}]}}