{"id":11560,"date":"2019-01-16T18:41:14","date_gmt":"2019-01-16T18:41:14","guid":{"rendered":"https:\/\/moirai.si\/?post_type=product&#038;p=11560"},"modified":"2025-12-16T15:51:30","modified_gmt":"2025-12-16T15:51:30","slug":"klassisch-koralle-hamatit-onyx","status":"publish","type":"product","link":"https:\/\/moirai.si\/de\/izdelek\/clasic-korala-hematit-oniks\/","title":{"rendered":"Clasic Koralle H\u00e4matit Onyx"},"content":{"rendered":"<p>Elegante Ohrringe aus der Clasic-Kollektion, gefertigt aus roter Pilzkoralle, Onyx, H\u00e4matit und 925er Silber.<\/p>\n<p>MATERIAL: Onyx, Rote Pilzkoralle, H\u00e4matit, Sterling Silber 925<br \/>\nGEWICHT: 11,2 g<br \/>\nL\u00c4NGE: 5,2\u00d71,3 cm<\/p>","protected":false},"excerpt":{"rendered":"<p>Elegantni uhani kolekcije Clasic, ki so narejeni iz Rde\u010de Gobaste Korale, Oniksa, Hematita in srebra 925. MATERIAL: Oniks, Rde\u010da Gobasta Korala, Hematit, srebro 925 TE\u017dA: 11,2 g DOL\u017dINA: 5,2&#215;1,3 cm<\/p>","protected":false},"featured_media":26964,"template":"","meta":[],"product_brand":[],"product_cat":[208,52,42,1138,62,27,1141],"product_tag":[202,206,398,371],"class_list":{"0":"post-11560","1":"product","2":"type-product","3":"status-publish","4":"has-post-thumbnail","6":"product_cat-clasic","7":"product_cat-gobasta-korala","8":"product_cat-hematit","9":"product_cat-ogled-vseh-uhani","10":"product_cat-oniks","11":"product_cat-uhani","12":"product_cat-uhani-clasic","13":"product_tag-hematit","14":"product_tag-oniks","15":"product_tag-rdeca-gobasta-korala","16":"product_tag-srebro-925","18":"first","19":"instock","20":"purchasable","21":"product-type-simple"},"_links":{"self":[{"href":"https:\/\/moirai.si\/de\/wp-json\/wp\/v2\/product\/11560","targetHints":{"allow":["GET"]}}],"collection":[{"href":"https:\/\/moirai.si\/de\/wp-json\/wp\/v2\/product"}],"about":[{"href":"https:\/\/moirai.si\/de\/wp-json\/wp\/v2\/types\/product"}],"wp:featuredmedia":[{"embeddable":true,"href":"https:\/\/moirai.si\/de\/wp-json\/wp\/v2\/media\/26964"}],"wp:attachment":[{"href":"https:\/\/moirai.si\/de\/wp-json\/wp\/v2\/media?parent=11560"}],"wp:term":[{"taxonomy":"product_brand","embeddable":true,"href":"https:\/\/moirai.si\/de\/wp-json\/wp\/v2\/product_brand?post=11560"},{"taxonomy":"product_cat","embeddable":true,"href":"https:\/\/moirai.si\/de\/wp-json\/wp\/v2\/product_cat?post=11560"},{"taxonomy":"product_tag","embeddable":true,"href":"https:\/\/moirai.si\/de\/wp-json\/wp\/v2\/product_tag?post=11560"}],"curies":[{"name":"wp","href":"https:\/\/api.w.org\/{rel}","templated":true}]}}