{"id":11567,"date":"2019-01-16T18:59:55","date_gmt":"2019-01-16T18:59:55","guid":{"rendered":"https:\/\/moirai.si\/?post_type=product&#038;p=11567"},"modified":"2025-01-12T20:14:42","modified_gmt":"2025-01-12T20:14:42","slug":"klassisch-koralle-onyx-hamatit","status":"publish","type":"product","link":"https:\/\/moirai.si\/de\/izdelek\/clasic-korala-oniks-hematit\/","title":{"rendered":"Clasic Koralle Onyx H\u00e4matit"},"content":{"rendered":"<p>Elegante Ohrringe aus der Clasic-Kollektion, hergestellt aus wei\u00dfer Koralle, Onyx, H\u00e4matit und 925er Silber.<\/p>\n<p>MATERIAL: Wei\u00dfe Pilzkoralle, Onyx, H\u00e4matit, Sterling Silber 925<br \/>\nGEWICHT: 12,4 g<br \/>\nL\u00c4NGE: 5\u00d71,4 cm<\/p>","protected":false},"excerpt":{"rendered":"<p>Elegantni uhani kolekcije Clasic, ki so narejeni iz Bele Korale, Oniksa, Hematita in srebra 925. MATERIAL: Bela Gobasta Korala, Oniks, Hematit, srebro 925 TE\u017dA: 12,4 g DOL\u017dINA: 5&#215;1,4 cm<\/p>","protected":false},"featured_media":18537,"template":"","meta":[],"product_brand":[],"product_cat":[208,52,42,1138,62,27,1141],"product_tag":[312,798,202,206,371],"class_list":{"0":"post-11567","1":"product","2":"type-product","3":"status-publish","4":"has-post-thumbnail","6":"product_cat-clasic","7":"product_cat-gobasta-korala","8":"product_cat-hematit","9":"product_cat-ogled-vseh-uhani","10":"product_cat-oniks","11":"product_cat-uhani","12":"product_cat-uhani-clasic","13":"product_tag-bela-korala","14":"product_tag-gobasta","15":"product_tag-hematit","16":"product_tag-oniks","17":"product_tag-srebro-925","19":"first","20":"instock","21":"purchasable","22":"product-type-simple"},"_links":{"self":[{"href":"https:\/\/moirai.si\/de\/wp-json\/wp\/v2\/product\/11567","targetHints":{"allow":["GET"]}}],"collection":[{"href":"https:\/\/moirai.si\/de\/wp-json\/wp\/v2\/product"}],"about":[{"href":"https:\/\/moirai.si\/de\/wp-json\/wp\/v2\/types\/product"}],"wp:featuredmedia":[{"embeddable":true,"href":"https:\/\/moirai.si\/de\/wp-json\/wp\/v2\/media\/18537"}],"wp:attachment":[{"href":"https:\/\/moirai.si\/de\/wp-json\/wp\/v2\/media?parent=11567"}],"wp:term":[{"taxonomy":"product_brand","embeddable":true,"href":"https:\/\/moirai.si\/de\/wp-json\/wp\/v2\/product_brand?post=11567"},{"taxonomy":"product_cat","embeddable":true,"href":"https:\/\/moirai.si\/de\/wp-json\/wp\/v2\/product_cat?post=11567"},{"taxonomy":"product_tag","embeddable":true,"href":"https:\/\/moirai.si\/de\/wp-json\/wp\/v2\/product_tag?post=11567"}],"curies":[{"name":"wp","href":"https:\/\/api.w.org\/{rel}","templated":true}]}}