{"id":11607,"date":"2019-01-16T21:07:01","date_gmt":"2019-01-16T21:07:01","guid":{"rendered":"https:\/\/moirai.si\/?post_type=product&#038;p=11607"},"modified":"2025-01-12T20:34:03","modified_gmt":"2025-01-12T20:34:03","slug":"lungo-sodalit","status":"publish","type":"product","link":"https:\/\/moirai.si\/de\/izdelek\/lungo-sodalit\/","title":{"rendered":"Lungo Sodalith"},"content":{"rendered":"<p>Elegante Ohrringe aus der Kollektion Lungo aus Sodalith und 925er Silber. <\/p>\n<p>Weitere Informationen: <a href=\"https:\/\/moirai.si\/de\/sodalith\/\" target=\"_blank\" rel=\"noopener noreferrer\">Sodalith<\/p>\n<p>MATERIAL: Sodalith, Silber 925<br \/>\nGEWICHT: 2,9 g<br \/>\nSTEINGR\u00d6SSE: 6 mm<br \/>\nL\u00c4NGE: 7 cm<br \/>\n<\/a><\/p>","protected":false},"excerpt":{"rendered":"<p>Elegantni uhani kolekcije Lungo, ki so narejeni iz Sodalita in srebra 925. Ve\u010d informacij: Sodalit MATERIAL: Sodalit, Srebro 925 TE\u017dA: 2.9 g VELIKOST KAMNOV: 6 mm DOL\u017dINA: 7 cm<\/p>","protected":false},"featured_media":17336,"template":"","meta":[],"product_brand":[],"product_cat":[276,1138,77,27,1144],"product_tag":[227,371],"class_list":{"0":"post-11607","1":"product","2":"type-product","3":"status-publish","4":"has-post-thumbnail","6":"product_cat-lungo-2","7":"product_cat-ogled-vseh-uhani","8":"product_cat-sodalit","9":"product_cat-uhani","10":"product_cat-uhani-lungo","11":"product_tag-sodalit","12":"product_tag-srebro-925","14":"first","15":"instock","16":"purchasable","17":"product-type-simple"},"_links":{"self":[{"href":"https:\/\/moirai.si\/de\/wp-json\/wp\/v2\/product\/11607","targetHints":{"allow":["GET"]}}],"collection":[{"href":"https:\/\/moirai.si\/de\/wp-json\/wp\/v2\/product"}],"about":[{"href":"https:\/\/moirai.si\/de\/wp-json\/wp\/v2\/types\/product"}],"wp:featuredmedia":[{"embeddable":true,"href":"https:\/\/moirai.si\/de\/wp-json\/wp\/v2\/media\/17336"}],"wp:attachment":[{"href":"https:\/\/moirai.si\/de\/wp-json\/wp\/v2\/media?parent=11607"}],"wp:term":[{"taxonomy":"product_brand","embeddable":true,"href":"https:\/\/moirai.si\/de\/wp-json\/wp\/v2\/product_brand?post=11607"},{"taxonomy":"product_cat","embeddable":true,"href":"https:\/\/moirai.si\/de\/wp-json\/wp\/v2\/product_cat?post=11607"},{"taxonomy":"product_tag","embeddable":true,"href":"https:\/\/moirai.si\/de\/wp-json\/wp\/v2\/product_tag?post=11607"}],"curies":[{"name":"wp","href":"https:\/\/api.w.org\/{rel}","templated":true}]}}