{"id":11678,"date":"2019-02-01T20:11:51","date_gmt":"2019-02-01T20:11:51","guid":{"rendered":"https:\/\/moirai.si\/?post_type=product&#038;p=11678"},"modified":"2025-01-13T15:25:50","modified_gmt":"2025-01-13T15:25:50","slug":"argo-stein-blitz","status":"publish","type":"product","link":"https:\/\/moirai.si\/de\/izdelek\/argo-kamena-strela\/","title":{"rendered":"Argo Bergkristall"},"content":{"rendered":"<p>Elegantes Armband aus der Argo-Kollektion, gefertigt aus Lightning Stone und 925er-Silberelementen dazwischen. Das Armband ist auf einem weichen, aber starken Stahldraht aufgereiht. Die L\u00e4nge des Armbands kann nach Belieben angepasst werden. Bitte geben Sie die gew\u00fcnschte L\u00e4nge des Armbands beim Kauf in der Notiz an. Weitere Informationen \u00fcber die L\u00e4nge des Armbands finden Sie hier: <a href=\"https:\/\/moirai.si\/de\/uber-schmuck\/\" target=\"_blank\" rel=\"noopener noreferrer\">\u00fcber Schmuck<\/a><\/p>\n<p>Weitere Informationen: <a href=\"https:\/\/moirai.si\/de\/bergkristall\/\" target=\"_blank\" rel=\"noopener noreferrer\">Bergkristall<\/a><\/p>\n<p>MATERIAL: Blitzstein (Bergkristall), Silber 925<br \/>\nL\u00c4NGE: 19 cm<br \/>\nGEWICHT: 13,6 g<br \/>\nSTEINGR\u00d6SSE: 10-13 mm<br \/>\nSchlie\u00dfe: 10 mm<\/p>","protected":false},"excerpt":{"rendered":"<p>Elegantna zapestnica kolekcije Argo, ki je narejena iz Kamene Strele ter vmesnimi srebrnimi 925 elementi. Zapestnica je nizana na mehko, vendar mo\u010dno jekleno \u017eico. Dol\u017eino zapestnice je mo\u017eno prilagoditi va\u0161im \u017eeljam. \u017deljeno dol\u017eino zapestnice nam pripi\u0161ite v opombo pri nakupu. Ve\u010d informacij glede dol\u017eine zapestnice si lahko pogledate tukaj: o nakitu Ve\u010d informacij: Kamena Strela [&hellip;]<\/p>\n","protected":false},"featured_media":18550,"template":"","meta":[],"product_brand":[],"product_cat":[191,68,848,821,822,1137],"product_tag":[690,371],"class_list":{"0":"post-11678","1":"product","2":"type-product","3":"status-publish","4":"has-post-thumbnail","6":"product_cat-argo","7":"product_cat-kamena-strela","8":"product_cat-kvarc","9":"product_cat-od-18-do-19cm","10":"product_cat-od-19-do-20cm","11":"product_cat-ogled-vseh-zapestnice-2","12":"product_tag-kamena-strela-gorski-kristal","13":"product_tag-srebro-925","15":"first","16":"instock","17":"purchasable","18":"product-type-simple"},"_links":{"self":[{"href":"https:\/\/moirai.si\/de\/wp-json\/wp\/v2\/product\/11678","targetHints":{"allow":["GET"]}}],"collection":[{"href":"https:\/\/moirai.si\/de\/wp-json\/wp\/v2\/product"}],"about":[{"href":"https:\/\/moirai.si\/de\/wp-json\/wp\/v2\/types\/product"}],"wp:featuredmedia":[{"embeddable":true,"href":"https:\/\/moirai.si\/de\/wp-json\/wp\/v2\/media\/18550"}],"wp:attachment":[{"href":"https:\/\/moirai.si\/de\/wp-json\/wp\/v2\/media?parent=11678"}],"wp:term":[{"taxonomy":"product_brand","embeddable":true,"href":"https:\/\/moirai.si\/de\/wp-json\/wp\/v2\/product_brand?post=11678"},{"taxonomy":"product_cat","embeddable":true,"href":"https:\/\/moirai.si\/de\/wp-json\/wp\/v2\/product_cat?post=11678"},{"taxonomy":"product_tag","embeddable":true,"href":"https:\/\/moirai.si\/de\/wp-json\/wp\/v2\/product_tag?post=11678"}],"curies":[{"name":"wp","href":"https:\/\/api.w.org\/{rel}","templated":true}]}}