{"id":11686,"date":"2019-02-01T21:07:13","date_gmt":"2019-02-01T21:07:13","guid":{"rendered":"https:\/\/moirai.si\/?post_type=product&#038;p=11686"},"modified":"2025-01-13T15:25:41","modified_gmt":"2025-01-13T15:25:41","slug":"clasic-sodalit","status":"publish","type":"product","link":"https:\/\/moirai.si\/de\/izdelek\/clasic-sodalit\/","title":{"rendered":"Klassischer Sodalith"},"content":{"rendered":"<p>Elegantna zapestnica kolekcije Clasic, ki je narejena iz Sodalita ter rodiniranih srebrnih 925 elementov, nizana na mehko, vendar mo\u010dno jekleno \u017eico. <\/p>\n<p>Weitere Informationen: <a href=\"https:\/\/moirai.si\/de\/sodalith\/\" target=\"_blank\" rel=\"noopener noreferrer\">Sodalith<\/a><\/p>\n<p>MATERIAL: Sodalith, Sterlingsilber 925<br \/>\nDOL\u017dINA: prilagodljiva 18-20.5 cm<br \/>\nTE\u017dA: 9.3 g<br \/>\nSTEINGR\u00d6SSE: 6 mm<br \/>\nSchlie\u00dfe: 9mm<\/p>","protected":false},"excerpt":{"rendered":"<p>Elegantna zapestnica kolekcije Clasic, ki je narejena iz Sodalita ter rodiniranih srebrnih 925 elementov, nizana na mehko, vendar mo\u010dno jekleno \u017eico. Ve\u010d informacij: Sodalit MATERIAL: Sodalit, rodinirano srebro 925 DOL\u017dINA: prilagodljiva 18-20.5 cm TE\u017dA: 9.3 g VELIKOST KAMNOV: 6 mm ZAPONKA: 9mm<\/p>","protected":false},"featured_media":24142,"template":"","meta":[],"product_brand":[],"product_cat":[208,820,821,822,823,1137,77],"product_tag":[637,227],"class_list":{"0":"post-11686","1":"product","2":"type-product","3":"status-publish","4":"has-post-thumbnail","6":"product_cat-clasic","7":"product_cat-do-18cm","8":"product_cat-od-18-do-19cm","9":"product_cat-od-19-do-20cm","10":"product_cat-od-20cm","11":"product_cat-ogled-vseh-zapestnice-2","12":"product_cat-sodalit","13":"product_tag-rodinirano-srebro-925","14":"product_tag-sodalit","16":"first","17":"instock","18":"purchasable","19":"product-type-simple"},"_links":{"self":[{"href":"https:\/\/moirai.si\/de\/wp-json\/wp\/v2\/product\/11686","targetHints":{"allow":["GET"]}}],"collection":[{"href":"https:\/\/moirai.si\/de\/wp-json\/wp\/v2\/product"}],"about":[{"href":"https:\/\/moirai.si\/de\/wp-json\/wp\/v2\/types\/product"}],"wp:featuredmedia":[{"embeddable":true,"href":"https:\/\/moirai.si\/de\/wp-json\/wp\/v2\/media\/24142"}],"wp:attachment":[{"href":"https:\/\/moirai.si\/de\/wp-json\/wp\/v2\/media?parent=11686"}],"wp:term":[{"taxonomy":"product_brand","embeddable":true,"href":"https:\/\/moirai.si\/de\/wp-json\/wp\/v2\/product_brand?post=11686"},{"taxonomy":"product_cat","embeddable":true,"href":"https:\/\/moirai.si\/de\/wp-json\/wp\/v2\/product_cat?post=11686"},{"taxonomy":"product_tag","embeddable":true,"href":"https:\/\/moirai.si\/de\/wp-json\/wp\/v2\/product_tag?post=11686"}],"curies":[{"name":"wp","href":"https:\/\/api.w.org\/{rel}","templated":true}]}}