{"id":12217,"date":"2019-03-15T15:35:32","date_gmt":"2019-03-15T15:35:32","guid":{"rendered":"https:\/\/moirai.si\/?post_type=product&#038;p=12217"},"modified":"2026-02-02T09:52:47","modified_gmt":"2026-02-02T09:52:47","slug":"nihalo-aventurin-oranzni","status":"publish","type":"product","link":"https:\/\/moirai.si\/de\/izdelek\/nihalo-aventurin-oranzni\/","title":{"rendered":"Pendel Aventurin Orange"},"content":{"rendered":"<p>Nihalo iz oran\u017enega Aventurina na posrebreni veri\u017eici, zaklju\u010deno z bunkico iz kamna za preprosto uporabo. Slika je simboli\u010dna. Mo\u017ena so manj\u0161a odstopanja v barvi, te\u017ei in obliki.<\/p>\n<p>Weitere Informationen: <a href=\"https:\/\/moirai.si\/de\/aventurin\/\" target=\"_blank\" rel=\"noopener noreferrer\">Aventurin<\/a>, <a href=\"https:\/\/moirai.si\/de\/pendel\/\" target=\"_blank\" rel=\"noopener noreferrer\">Nihalo<\/a><\/p>\n<p>MATERIAL: oran\u017eni Aventurin<br \/>\nGEWICHT: 5-15 g<br \/>\nSTEINGR\u00d6SSE: 3-5 cm<\/p>","protected":false},"excerpt":{"rendered":"<p>Nihalo iz oran\u017enega Aventurina na posrebreni veri\u017eici, zaklju\u010deno z bunkico iz kamna za preprosto uporabo. Slika je simboli\u010dna. Mo\u017ena so manj\u0161a odstopanja v barvi, te\u017ei in obliki. Ve\u010d informacij: Aventurin, Nihalo MATERIAL: oran\u017eni Aventurin TE\u017dA: 5-15 g VELIKOST KAMNOV: 3-5 cm<\/p>","protected":false},"featured_media":25789,"template":"","meta":[],"product_brand":[],"product_cat":[31,754],"product_tag":[368,880],"class_list":{"0":"post-12217","1":"product","2":"type-product","3":"status-publish","4":"has-post-thumbnail","6":"product_cat-aventurin","7":"product_cat-nihala","8":"product_tag-nihalo","9":"product_tag-oranzni-aventurin","11":"first","12":"instock","13":"purchasable","14":"product-type-simple"},"_links":{"self":[{"href":"https:\/\/moirai.si\/de\/wp-json\/wp\/v2\/product\/12217","targetHints":{"allow":["GET"]}}],"collection":[{"href":"https:\/\/moirai.si\/de\/wp-json\/wp\/v2\/product"}],"about":[{"href":"https:\/\/moirai.si\/de\/wp-json\/wp\/v2\/types\/product"}],"wp:featuredmedia":[{"embeddable":true,"href":"https:\/\/moirai.si\/de\/wp-json\/wp\/v2\/media\/25789"}],"wp:attachment":[{"href":"https:\/\/moirai.si\/de\/wp-json\/wp\/v2\/media?parent=12217"}],"wp:term":[{"taxonomy":"product_brand","embeddable":true,"href":"https:\/\/moirai.si\/de\/wp-json\/wp\/v2\/product_brand?post=12217"},{"taxonomy":"product_cat","embeddable":true,"href":"https:\/\/moirai.si\/de\/wp-json\/wp\/v2\/product_cat?post=12217"},{"taxonomy":"product_tag","embeddable":true,"href":"https:\/\/moirai.si\/de\/wp-json\/wp\/v2\/product_tag?post=12217"}],"curies":[{"name":"wp","href":"https:\/\/api.w.org\/{rel}","templated":true}]}}