{"id":12268,"date":"2019-03-19T08:42:23","date_gmt":"2019-03-19T08:42:23","guid":{"rendered":"https:\/\/moirai.si\/?post_type=product&#038;p=12268"},"modified":"2025-01-13T15:25:03","modified_gmt":"2025-01-13T15:25:03","slug":"argo-koralle-schwammig","status":"publish","type":"product","link":"https:\/\/moirai.si\/de\/izdelek\/argo-korala-gobasta\/","title":{"rendered":"Argo Schwammige Koralle"},"content":{"rendered":"<p>Elegantes Armband aus der Argo-Kollektion, gefertigt aus roter Pilzkoralle mit 925er-Silberelementen dazwischen. Das Armband ist auf einem weichen, aber starken Stahldraht aufgezogen. <\/p>\n<p>Weitere Informationen: <a href=\"https:\/\/moirai.si\/de\/koralle\/\" target=\"_blank\" rel=\"noopener noreferrer\">Koralle<\/a><\/p>\n<p>MATERIAL: Schwammige Koralle, Sterling Silber 925<br \/>\nL\u00c4NGE: einstellbar 18,5-21 cm<br \/>\nGEWICHT: 16,9 g<br \/>\nSteingr\u00f6\u00dfe: 6-14 mm<br \/>\nSchlie\u00dfe: 10 mm<\/p>","protected":false},"excerpt":{"rendered":"<p>Elegantna zapestnica kolekcije Argo, ki je narejena iz rde\u010de Gobaste Korale ter vmesnimi srebrnimi 925 elementi. Zapestnica je nizana na mehko, vendar mo\u010dno jekleno \u017eico. Ve\u010d informacij: Korala MATERIAL: Gobasta Korala, Srebro 925 DOL\u017dINA: prilagodljiva 18,5-21 cm TE\u017dA: 16.9 g VELIKOST KAMNOV: 6-14 mm ZAPONKA: 10 mm<\/p>","protected":false},"featured_media":20595,"template":"","meta":[],"product_brand":[],"product_cat":[191,52,821,822,823,1137],"product_tag":[222,371],"class_list":{"0":"post-12268","1":"product","2":"type-product","3":"status-publish","4":"has-post-thumbnail","6":"product_cat-argo","7":"product_cat-gobasta-korala","8":"product_cat-od-18-do-19cm","9":"product_cat-od-19-do-20cm","10":"product_cat-od-20cm","11":"product_cat-ogled-vseh-zapestnice-2","12":"product_tag-gobasta-korala","13":"product_tag-srebro-925","15":"first","16":"instock","17":"purchasable","18":"product-type-simple"},"_links":{"self":[{"href":"https:\/\/moirai.si\/de\/wp-json\/wp\/v2\/product\/12268","targetHints":{"allow":["GET"]}}],"collection":[{"href":"https:\/\/moirai.si\/de\/wp-json\/wp\/v2\/product"}],"about":[{"href":"https:\/\/moirai.si\/de\/wp-json\/wp\/v2\/types\/product"}],"wp:featuredmedia":[{"embeddable":true,"href":"https:\/\/moirai.si\/de\/wp-json\/wp\/v2\/media\/20595"}],"wp:attachment":[{"href":"https:\/\/moirai.si\/de\/wp-json\/wp\/v2\/media?parent=12268"}],"wp:term":[{"taxonomy":"product_brand","embeddable":true,"href":"https:\/\/moirai.si\/de\/wp-json\/wp\/v2\/product_brand?post=12268"},{"taxonomy":"product_cat","embeddable":true,"href":"https:\/\/moirai.si\/de\/wp-json\/wp\/v2\/product_cat?post=12268"},{"taxonomy":"product_tag","embeddable":true,"href":"https:\/\/moirai.si\/de\/wp-json\/wp\/v2\/product_tag?post=12268"}],"curies":[{"name":"wp","href":"https:\/\/api.w.org\/{rel}","templated":true}]}}