{"id":12285,"date":"2019-03-25T10:36:00","date_gmt":"2019-03-25T10:36:00","guid":{"rendered":"https:\/\/moirai.si\/?post_type=product&#038;p=12285"},"modified":"2025-01-12T20:18:41","modified_gmt":"2025-01-12T20:18:41","slug":"klassischer-obsidian-5","status":"publish","type":"product","link":"https:\/\/moirai.si\/de\/izdelek\/clasic-obsidijan-5\/","title":{"rendered":"Klassischer Obsidian"},"content":{"rendered":"<p>Elegante Ohrringe aus der Clasic-Kollektion, hergestellt aus schwarzem Obsidian und 925er Sterlingsilber. <\/p>\n<p>MATERIAL: schwarzer Obsidian, Sterling Silber 925<br \/>\nGEWICHT: 4,8 g<br \/>\nSTEINGR\u00d6SSE: 20 mm<br \/>\nL\u00c4NGE: 4,5 cm<\/p>","protected":false},"excerpt":{"rendered":"<p>Elegantni uhani kolekcije Clasic, ki so narejeni iz \u010drnega Obsidijana in srebra 925. MATERIAL: \u010drni Obsidijan, rodinirano srebro 925 TE\u017dA: 4.8 g VELIKOST KAMNOV: 20 mm DOL\u017dINA: 4.5 cm<\/p>","protected":false},"featured_media":25090,"template":"","meta":[],"product_brand":[],"product_cat":[208,63,1138,27,1141],"product_tag":[868,637],"class_list":{"0":"post-12285","1":"product","2":"type-product","3":"status-publish","4":"has-post-thumbnail","6":"product_cat-clasic","7":"product_cat-obsidijan","8":"product_cat-ogled-vseh-uhani","9":"product_cat-uhani","10":"product_cat-uhani-clasic","11":"product_tag-crni-obsidijan","12":"product_tag-rodinirano-srebro-925","14":"first","15":"instock","16":"purchasable","17":"product-type-simple"},"_links":{"self":[{"href":"https:\/\/moirai.si\/de\/wp-json\/wp\/v2\/product\/12285","targetHints":{"allow":["GET"]}}],"collection":[{"href":"https:\/\/moirai.si\/de\/wp-json\/wp\/v2\/product"}],"about":[{"href":"https:\/\/moirai.si\/de\/wp-json\/wp\/v2\/types\/product"}],"wp:featuredmedia":[{"embeddable":true,"href":"https:\/\/moirai.si\/de\/wp-json\/wp\/v2\/media\/25090"}],"wp:attachment":[{"href":"https:\/\/moirai.si\/de\/wp-json\/wp\/v2\/media?parent=12285"}],"wp:term":[{"taxonomy":"product_brand","embeddable":true,"href":"https:\/\/moirai.si\/de\/wp-json\/wp\/v2\/product_brand?post=12285"},{"taxonomy":"product_cat","embeddable":true,"href":"https:\/\/moirai.si\/de\/wp-json\/wp\/v2\/product_cat?post=12285"},{"taxonomy":"product_tag","embeddable":true,"href":"https:\/\/moirai.si\/de\/wp-json\/wp\/v2\/product_tag?post=12285"}],"curies":[{"name":"wp","href":"https:\/\/api.w.org\/{rel}","templated":true}]}}