{"id":12379,"date":"2019-03-27T13:57:31","date_gmt":"2019-03-27T13:57:31","guid":{"rendered":"https:\/\/moirai.si\/?post_type=product&#038;p=12379"},"modified":"2025-01-13T15:24:52","modified_gmt":"2025-01-13T15:24:52","slug":"argo-tigers-eye-2","status":"publish","type":"product","link":"https:\/\/moirai.si\/de\/izdelek\/argo-tigrovo-oko-2\/","title":{"rendered":"Argo Tigerauge"},"content":{"rendered":"<p>Elegantes Armband aus der Argo-Kollektion, hergestellt aus Tigerauge und 925er Sterlingsilber, aufgereiht auf einem weichen, aber starken Stahldraht. <\/p>\n<p>MATERIAL: Tigerauge, rhodiniertes 925er Silber<br \/>\nL\u00c4NGE: einstellbar 17-19,5cm<br \/>\nGEWICHT: 7,2g<br \/>\nSTEINGR\u00d6SSE: 4-10 mm<br \/>\nSchlie\u00dfe: 9 mm<\/p>","protected":false},"excerpt":{"rendered":"<p>Elegantna zapestnica kolekcije Argo, ki je narejena iz Tigrovega O\u010desa in rodiniranega srebra 925. Zapestnica je nizana na mehko, vendar mo\u010dno jekleno \u017eico. MATERIAL: Tigrovo Oko, rodinirano Srebro 925 DOL\u017dINA: prilagodljiva 17-19,5cm TE\u017dA: 7,2g VELIKOST KAMNOV: 4-10 mm ZAPONKA: 9 mm<\/p>","protected":false},"featured_media":24147,"template":"","meta":[],"product_brand":[],"product_cat":[191,820,821,822,1137,81],"product_tag":[637,199],"class_list":{"0":"post-12379","1":"product","2":"type-product","3":"status-publish","4":"has-post-thumbnail","6":"product_cat-argo","7":"product_cat-do-18cm","8":"product_cat-od-18-do-19cm","9":"product_cat-od-19-do-20cm","10":"product_cat-ogled-vseh-zapestnice-2","11":"product_cat-tigrovo-oko","12":"product_tag-rodinirano-srebro-925","13":"product_tag-tigrovo-oko","15":"first","16":"instock","17":"purchasable","18":"product-type-simple"},"_links":{"self":[{"href":"https:\/\/moirai.si\/de\/wp-json\/wp\/v2\/product\/12379","targetHints":{"allow":["GET"]}}],"collection":[{"href":"https:\/\/moirai.si\/de\/wp-json\/wp\/v2\/product"}],"about":[{"href":"https:\/\/moirai.si\/de\/wp-json\/wp\/v2\/types\/product"}],"wp:featuredmedia":[{"embeddable":true,"href":"https:\/\/moirai.si\/de\/wp-json\/wp\/v2\/media\/24147"}],"wp:attachment":[{"href":"https:\/\/moirai.si\/de\/wp-json\/wp\/v2\/media?parent=12379"}],"wp:term":[{"taxonomy":"product_brand","embeddable":true,"href":"https:\/\/moirai.si\/de\/wp-json\/wp\/v2\/product_brand?post=12379"},{"taxonomy":"product_cat","embeddable":true,"href":"https:\/\/moirai.si\/de\/wp-json\/wp\/v2\/product_cat?post=12379"},{"taxonomy":"product_tag","embeddable":true,"href":"https:\/\/moirai.si\/de\/wp-json\/wp\/v2\/product_tag?post=12379"}],"curies":[{"name":"wp","href":"https:\/\/api.w.org\/{rel}","templated":true}]}}