{"id":12389,"date":"2019-03-27T18:18:38","date_gmt":"2019-03-27T18:18:38","guid":{"rendered":"https:\/\/moirai.si\/?post_type=product&#038;p=12389"},"modified":"2025-03-22T10:43:39","modified_gmt":"2025-03-22T10:43:39","slug":"clasic-amazonit-6","status":"publish","type":"product","link":"https:\/\/moirai.si\/de\/izdelek\/clasic-amazonit-6\/","title":{"rendered":"Klassisches Amazonit"},"content":{"rendered":"<p>Elegantna zapestnica kolekcije Clasic, ki je narejena iz Amazonita ter rodiniranega srebra 925. Zapestnica je nizana na mehko, vendar mo\u010dno jekleno \u017eico   <\/p>\n<p>Weitere Informationen: <a href=\"https:\/\/moirai.si\/de\/amazonit\/\" target=\"_blank\" rel=\"noopener noreferrer\">Amazonit<\/a><\/p>\n<p>MATERIAL: Amazonit, rhodiniertes 925er Silber<br \/>\nL\u00c4NGE: einstellbar 17-19,5 cm<br \/>\nGEWICHT: 20 g<br \/>\nSteingr\u00f6\u00dfe: 6-10 mm<br \/>\nSchlie\u00dfe: 9mm<\/p>","protected":false},"excerpt":{"rendered":"<p>Elegantna zapestnica kolekcije Clasic, ki je narejena iz Amazonita ter rodiniranega srebra 925. Zapestnica je nizana na mehko, vendar mo\u010dno jekleno \u017eico Ve\u010d informacij: Amazonit MATERIAL: Amazonit, rodinirano Srebro 925 DOL\u017dINA: prilagodljiva 17-19,5 cm TE\u017dA: 20 g VELIKOST KAMNOV: 6-10 mm ZAPONKA: 9mm<\/p>","protected":false},"featured_media":24152,"template":"","meta":[],"product_brand":[],"product_cat":[32,208,820,821,822,1137],"product_tag":[228,637],"class_list":{"0":"post-12389","1":"product","2":"type-product","3":"status-publish","4":"has-post-thumbnail","6":"product_cat-amazonit","7":"product_cat-clasic","8":"product_cat-do-18cm","9":"product_cat-od-18-do-19cm","10":"product_cat-od-19-do-20cm","11":"product_cat-ogled-vseh-zapestnice-2","12":"product_tag-amazonit","13":"product_tag-rodinirano-srebro-925","15":"first","16":"outofstock","17":"purchasable","18":"product-type-simple"},"_links":{"self":[{"href":"https:\/\/moirai.si\/de\/wp-json\/wp\/v2\/product\/12389","targetHints":{"allow":["GET"]}}],"collection":[{"href":"https:\/\/moirai.si\/de\/wp-json\/wp\/v2\/product"}],"about":[{"href":"https:\/\/moirai.si\/de\/wp-json\/wp\/v2\/types\/product"}],"wp:featuredmedia":[{"embeddable":true,"href":"https:\/\/moirai.si\/de\/wp-json\/wp\/v2\/media\/24152"}],"wp:attachment":[{"href":"https:\/\/moirai.si\/de\/wp-json\/wp\/v2\/media?parent=12389"}],"wp:term":[{"taxonomy":"product_brand","embeddable":true,"href":"https:\/\/moirai.si\/de\/wp-json\/wp\/v2\/product_brand?post=12389"},{"taxonomy":"product_cat","embeddable":true,"href":"https:\/\/moirai.si\/de\/wp-json\/wp\/v2\/product_cat?post=12389"},{"taxonomy":"product_tag","embeddable":true,"href":"https:\/\/moirai.si\/de\/wp-json\/wp\/v2\/product_tag?post=12389"}],"curies":[{"name":"wp","href":"https:\/\/api.w.org\/{rel}","templated":true}]}}