{"id":12391,"date":"2019-03-27T18:22:20","date_gmt":"2019-03-27T18:22:20","guid":{"rendered":"https:\/\/moirai.si\/?post_type=product&#038;p=12391"},"modified":"2025-01-13T15:24:37","modified_gmt":"2025-01-13T15:24:37","slug":"klassischer-steinschuss-5","status":"publish","type":"product","link":"https:\/\/moirai.si\/de\/izdelek\/clasic-kamena-strela-5\/","title":{"rendered":"Klassischer Bergkristall"},"content":{"rendered":"<p>Elegantes Armband aus der Clasic-Kollektion, gefertigt aus Lightning Stone und 925er-Silberelementen, aufgereiht auf einem weichen, aber stabilen Stahldraht und veredelt mit Silberelementen. <\/p>\n<p>Weitere Informationen: <a href=\"https:\/\/moirai.si\/de\/bergkristall\/\" target=\"_blank\" rel=\"noopener noreferrer\">Bergkristall<\/a><\/p>\n<p>MATERIAL: Blitzstein, 925 Silber<br \/>\nL\u00c4NGE: einstellbar 16,5-19 cm<br \/>\nGEWICHT: 8,2 g<br \/>\nSTEINGR\u00d6SSE: 6 mm<br \/>\nSchlie\u00dfe: 9 mm<\/p>","protected":false},"excerpt":{"rendered":"<p>Elegantna zapestnica kolekcije Clasic, ki je narejena iz Kamene Strele ter srebrnih 925 elementov, nizana na mehko, vendar mo\u010dno jekleno \u017eico in zaklju\u010dena s srebrnimi elementi. Ve\u010d informacij: Kamena Strela MATERIAL: Kamena Strela, Srebro 925 DOL\u017dINA: prilagodljiva 16.5-19 cm TE\u017dA: 8.2 g VELIKOST KAMNOV: 6 mm ZAPONKA: 9 mm<\/p>","protected":false},"featured_media":20611,"template":"","meta":[],"product_brand":[],"product_cat":[208,820,68,848,821,822,1137],"product_tag":[203,371],"class_list":{"0":"post-12391","1":"product","2":"type-product","3":"status-publish","4":"has-post-thumbnail","6":"product_cat-clasic","7":"product_cat-do-18cm","8":"product_cat-kamena-strela","9":"product_cat-kvarc","10":"product_cat-od-18-do-19cm","11":"product_cat-od-19-do-20cm","12":"product_cat-ogled-vseh-zapestnice-2","13":"product_tag-kamena-strela","14":"product_tag-srebro-925","16":"first","17":"instock","18":"purchasable","19":"product-type-simple"},"_links":{"self":[{"href":"https:\/\/moirai.si\/de\/wp-json\/wp\/v2\/product\/12391","targetHints":{"allow":["GET"]}}],"collection":[{"href":"https:\/\/moirai.si\/de\/wp-json\/wp\/v2\/product"}],"about":[{"href":"https:\/\/moirai.si\/de\/wp-json\/wp\/v2\/types\/product"}],"wp:featuredmedia":[{"embeddable":true,"href":"https:\/\/moirai.si\/de\/wp-json\/wp\/v2\/media\/20611"}],"wp:attachment":[{"href":"https:\/\/moirai.si\/de\/wp-json\/wp\/v2\/media?parent=12391"}],"wp:term":[{"taxonomy":"product_brand","embeddable":true,"href":"https:\/\/moirai.si\/de\/wp-json\/wp\/v2\/product_brand?post=12391"},{"taxonomy":"product_cat","embeddable":true,"href":"https:\/\/moirai.si\/de\/wp-json\/wp\/v2\/product_cat?post=12391"},{"taxonomy":"product_tag","embeddable":true,"href":"https:\/\/moirai.si\/de\/wp-json\/wp\/v2\/product_tag?post=12391"}],"curies":[{"name":"wp","href":"https:\/\/api.w.org\/{rel}","templated":true}]}}