{"id":12507,"date":"2019-04-12T20:14:37","date_gmt":"2019-04-12T20:14:37","guid":{"rendered":"https:\/\/moirai.si\/?post_type=product&#038;p=12507"},"modified":"2025-08-19T20:35:46","modified_gmt":"2025-08-19T20:35:46","slug":"versy-unakit","status":"publish","type":"product","link":"https:\/\/moirai.si\/de\/izdelek\/versy-unakit\/","title":{"rendered":"Versy Unakit"},"content":{"rendered":"<p>Unikaten obesek kolekcije Versy iz Unakita na \u010drnem usnjenem traku s prilagodljivo dol\u017eino (poteg vozla gor oz. dol). Ogrlica je unisex in je primerna za otroke in odrasle. <\/p>\n<p>Weitere Informationen: <a href=\"https:\/\/moirai.si\/de\/unakit\/\" target=\"_blank\" rel=\"noopener noreferrer\">Unakit<\/a><\/p>\n<p>MATERIAL: Unakit, \u010drno usnje<br \/>\nL\u00c4NGE: flexibel (38-77 cm)<br \/>\nGEWICHT: 20 g<br \/>\nVELIKOST KAMNA: 2,3 x 4,2 cm<br \/>\nSTEINDICKE: 0,9 cm<\/p>","protected":false},"excerpt":{"rendered":"<p>Unikaten obesek kolekcije Versy iz Unakita na \u010drnem usnjenem traku s prilagodljivo dol\u017eino (poteg vozla gor oz. dol). Ogrlica je unisex in je primerna za otroke in odrasle. Ve\u010d informacij: Unakit MATERIAL: Unakit, \u010drno usnje DOL\u017dINA: prilagodljiva (38-77 cm) TE\u017dA: 20 g VELIKOST KAMNA: 2,3 x 4,2 cm DEBELINA KAMNA: 0.9 cm<\/p>","protected":false},"featured_media":18479,"template":"","meta":[],"product_brand":[],"product_cat":[92,751,309],"product_tag":[648,488],"class_list":{"0":"post-12507","1":"product","2":"type-product","3":"status-publish","4":"has-post-thumbnail","6":"product_cat-obeski-in-usnje","7":"product_cat-unakit","8":"product_cat-versy","9":"product_tag-crno-usnje","10":"product_tag-unakit","12":"first","13":"instock","14":"purchasable","15":"product-type-simple"},"_links":{"self":[{"href":"https:\/\/moirai.si\/de\/wp-json\/wp\/v2\/product\/12507","targetHints":{"allow":["GET"]}}],"collection":[{"href":"https:\/\/moirai.si\/de\/wp-json\/wp\/v2\/product"}],"about":[{"href":"https:\/\/moirai.si\/de\/wp-json\/wp\/v2\/types\/product"}],"wp:featuredmedia":[{"embeddable":true,"href":"https:\/\/moirai.si\/de\/wp-json\/wp\/v2\/media\/18479"}],"wp:attachment":[{"href":"https:\/\/moirai.si\/de\/wp-json\/wp\/v2\/media?parent=12507"}],"wp:term":[{"taxonomy":"product_brand","embeddable":true,"href":"https:\/\/moirai.si\/de\/wp-json\/wp\/v2\/product_brand?post=12507"},{"taxonomy":"product_cat","embeddable":true,"href":"https:\/\/moirai.si\/de\/wp-json\/wp\/v2\/product_cat?post=12507"},{"taxonomy":"product_tag","embeddable":true,"href":"https:\/\/moirai.si\/de\/wp-json\/wp\/v2\/product_tag?post=12507"}],"curies":[{"name":"wp","href":"https:\/\/api.w.org\/{rel}","templated":true}]}}