{"id":12589,"date":"2019-04-17T11:05:39","date_gmt":"2019-04-17T11:05:39","guid":{"rendered":"https:\/\/moirai.si\/?post_type=product&#038;p=12589"},"modified":"2025-08-19T20:21:10","modified_gmt":"2025-08-19T20:21:10","slug":"versy-jasper-landschaft-10","status":"publish","type":"product","link":"https:\/\/moirai.si\/de\/izdelek\/versy-jaspis-pokrajinski-10\/","title":{"rendered":"Versy Provinzial Jaspis"},"content":{"rendered":"<p>Einzigartiger Anh\u00e4nger aus der Versy-Kollektion aus provinziellem Jaspis an einem schwarzen Lederband mit verstellbarer L\u00e4nge (den Knoten nach oben oder unten ziehen). <\/p>\n<p>Weitere Informationen: <a href=\"https:\/\/moirai.si\/de\/jaspis\/\" target=\"_blank\" rel=\"noopener noreferrer\">Jaspis <\/a><\/p>\n<p>MATERIAL: Provinzieller Jaspis, schwarzes Leder<br \/>\nL\u00c4NGE: flexibel (38-77 cm)<br \/>\nGEWICHT: 13,6 g<br \/>\nGR\u00d6SSE DES STEINS: 2,3 x 4,3 cm<br \/>\nSTEINDICKE: 1 cm<\/p>","protected":false},"excerpt":{"rendered":"<p>Unikaten obesek kolekcije Versy iz Pokrajinskega Jaspisa na \u010drnem usnjenem traku s prilagodljivo dol\u017eino (poteg vozla gor oz. dol). Ogrlica je unisex in je primerna za otroke in odrasle. Ve\u010d informacij: Jaspis MATERIAL: Pokrajinski Jaspis, \u010drno usnje DOL\u017dINA: prilagodljiva (38-77 cm) TE\u017dA: 13,6 g VELIKOST KAMNA: 2,3 x 4,3 cm DEBELINA KAMNA: 1 cm<\/p>","protected":false},"featured_media":18462,"template":"","meta":[],"product_brand":[],"product_cat":[47,92,309],"product_tag":[648,516],"class_list":{"0":"post-12589","1":"product","2":"type-product","3":"status-publish","4":"has-post-thumbnail","6":"product_cat-jaspis","7":"product_cat-obeski-in-usnje","8":"product_cat-versy","9":"product_tag-crno-usnje","10":"product_tag-pokrajinski-jaspis","12":"first","13":"instock","14":"purchasable","15":"product-type-simple"},"_links":{"self":[{"href":"https:\/\/moirai.si\/de\/wp-json\/wp\/v2\/product\/12589","targetHints":{"allow":["GET"]}}],"collection":[{"href":"https:\/\/moirai.si\/de\/wp-json\/wp\/v2\/product"}],"about":[{"href":"https:\/\/moirai.si\/de\/wp-json\/wp\/v2\/types\/product"}],"wp:featuredmedia":[{"embeddable":true,"href":"https:\/\/moirai.si\/de\/wp-json\/wp\/v2\/media\/18462"}],"wp:attachment":[{"href":"https:\/\/moirai.si\/de\/wp-json\/wp\/v2\/media?parent=12589"}],"wp:term":[{"taxonomy":"product_brand","embeddable":true,"href":"https:\/\/moirai.si\/de\/wp-json\/wp\/v2\/product_brand?post=12589"},{"taxonomy":"product_cat","embeddable":true,"href":"https:\/\/moirai.si\/de\/wp-json\/wp\/v2\/product_cat?post=12589"},{"taxonomy":"product_tag","embeddable":true,"href":"https:\/\/moirai.si\/de\/wp-json\/wp\/v2\/product_tag?post=12589"}],"curies":[{"name":"wp","href":"https:\/\/api.w.org\/{rel}","templated":true}]}}