{"id":13332,"date":"2019-05-30T13:05:13","date_gmt":"2019-05-30T13:05:13","guid":{"rendered":"https:\/\/moirai.si\/?post_type=product&#038;p=13332"},"modified":"2021-07-16T11:22:22","modified_gmt":"2021-07-16T11:22:22","slug":"apatit-l","status":"publish","type":"product","link":"https:\/\/moirai.si\/de\/izdelek\/apatit-l\/","title":{"rendered":"Apatit L"},"content":{"rendered":"<p>Ein sch\u00f6nes St\u00fcck polierter Apatit (Madagaskar), geeignet als heilender Handstein oder als Geschenk f\u00fcr Ihre Lieben. Die Abbildung ist symbolisch. Geringe Abweichungen in Farbe, Gewicht und Form k\u00f6nnen auftreten.<\/p>\n<p>Weitere Informationen: <a href=\"https:\/\/moirai.si\/de\/apatit\/\" target=\"_blank\" rel=\"noopener noreferrer\">Apatit<\/a><\/p>\n<p>MATERIAL: Apatit<br \/>\nABMESSUNGEN: 1,5-4 cm<br \/>\nGEWICHT: 20-40 g<\/p>","protected":false},"excerpt":{"rendered":"<p>\u010cudovit kos spoliranega Apatita (Madagaskar), primeren kot zdravilni ro\u010dni kamen ali kot darilo za va\u0161e najbli\u017enje. Slika je simboli\u010dna. Mo\u017ena so manj\u0161a odstopanja v barvi, te\u017ei in obliki. Ve\u010d informacij: Apatit MATERIAL: Apatit DIMENZIJE: 1,5-4 cm TE\u017dA: 20-40 g<\/p>","protected":false},"featured_media":13333,"template":"","meta":[],"product_brand":[],"product_cat":[847,753],"product_tag":[759],"class_list":{"0":"post-13332","1":"product","2":"type-product","3":"status-publish","4":"has-post-thumbnail","6":"product_cat-apatit","7":"product_cat-rocni-kamni","8":"product_tag-apatit","10":"first","11":"outofstock","12":"purchasable","13":"product-type-simple"},"_links":{"self":[{"href":"https:\/\/moirai.si\/de\/wp-json\/wp\/v2\/product\/13332","targetHints":{"allow":["GET"]}}],"collection":[{"href":"https:\/\/moirai.si\/de\/wp-json\/wp\/v2\/product"}],"about":[{"href":"https:\/\/moirai.si\/de\/wp-json\/wp\/v2\/types\/product"}],"wp:featuredmedia":[{"embeddable":true,"href":"https:\/\/moirai.si\/de\/wp-json\/wp\/v2\/media\/13333"}],"wp:attachment":[{"href":"https:\/\/moirai.si\/de\/wp-json\/wp\/v2\/media?parent=13332"}],"wp:term":[{"taxonomy":"product_brand","embeddable":true,"href":"https:\/\/moirai.si\/de\/wp-json\/wp\/v2\/product_brand?post=13332"},{"taxonomy":"product_cat","embeddable":true,"href":"https:\/\/moirai.si\/de\/wp-json\/wp\/v2\/product_cat?post=13332"},{"taxonomy":"product_tag","embeddable":true,"href":"https:\/\/moirai.si\/de\/wp-json\/wp\/v2\/product_tag?post=13332"}],"curies":[{"name":"wp","href":"https:\/\/api.w.org\/{rel}","templated":true}]}}