{"id":13334,"date":"2019-05-30T13:20:21","date_gmt":"2019-05-30T13:20:21","guid":{"rendered":"https:\/\/moirai.si\/?post_type=product&#038;p=13334"},"modified":"2025-11-11T13:44:07","modified_gmt":"2025-11-11T13:44:07","slug":"rhodonit-l-peru","status":"publish","type":"product","link":"https:\/\/moirai.si\/de\/izdelek\/rodonit-l-peru\/","title":{"rendered":"Rhodonit L (Peru)"},"content":{"rendered":"<p>Ein sch\u00f6nes St\u00fcck polierter Rhodonit (Peru), geeignet als heilender Handstein oder als Geschenk. Die Abbildung ist symbolisch. Geringe Abweichungen in Farbe, Gewicht und Form sind m\u00f6glich.<\/p>\n<p>Weitere Informationen: <a href=\"https:\/\/moirai.si\/de\/rhodonit\/\" target=\"_blank\" rel=\"noopener noreferrer\">Rhodonit<\/a><\/p>\n<p>MATERIAL: Rhodonit<br \/>\nABMESSUNGEN: ca. 1,5-2,5 cm<br \/>\nGEWICHT: 15-20 g<\/p>","protected":false},"excerpt":{"rendered":"<p>\u010cudovit kos spoliranega Rodonita (Peru), primeren kot zdravilni ro\u010dni kamen ali kot darilo. Slika je simboli\u010dna. Mo\u017ena so manj\u0161a odstopanja v barvi, te\u017ei in obliki. Ve\u010d informacij: Rodonit MATERIAL: Rodonit DIMENZIJE: cca 1,5-2,5 cm TE\u017dA: 15-20 g<\/p>","protected":false},"featured_media":22460,"template":"","meta":[],"product_brand":[],"product_cat":[753,70],"product_tag":[204],"class_list":{"0":"post-13334","1":"product","2":"type-product","3":"status-publish","4":"has-post-thumbnail","6":"product_cat-rocni-kamni","7":"product_cat-rodonit","8":"product_tag-rodonit","10":"first","11":"instock","12":"purchasable","13":"product-type-simple"},"_links":{"self":[{"href":"https:\/\/moirai.si\/de\/wp-json\/wp\/v2\/product\/13334","targetHints":{"allow":["GET"]}}],"collection":[{"href":"https:\/\/moirai.si\/de\/wp-json\/wp\/v2\/product"}],"about":[{"href":"https:\/\/moirai.si\/de\/wp-json\/wp\/v2\/types\/product"}],"wp:featuredmedia":[{"embeddable":true,"href":"https:\/\/moirai.si\/de\/wp-json\/wp\/v2\/media\/22460"}],"wp:attachment":[{"href":"https:\/\/moirai.si\/de\/wp-json\/wp\/v2\/media?parent=13334"}],"wp:term":[{"taxonomy":"product_brand","embeddable":true,"href":"https:\/\/moirai.si\/de\/wp-json\/wp\/v2\/product_brand?post=13334"},{"taxonomy":"product_cat","embeddable":true,"href":"https:\/\/moirai.si\/de\/wp-json\/wp\/v2\/product_cat?post=13334"},{"taxonomy":"product_tag","embeddable":true,"href":"https:\/\/moirai.si\/de\/wp-json\/wp\/v2\/product_tag?post=13334"}],"curies":[{"name":"wp","href":"https:\/\/api.w.org\/{rel}","templated":true}]}}