{"id":13404,"date":"2019-06-04T09:54:19","date_gmt":"2019-06-04T09:54:19","guid":{"rendered":"https:\/\/moirai.si\/?post_type=product&#038;p=13404"},"modified":"2026-03-26T17:40:36","modified_gmt":"2026-03-26T17:40:36","slug":"clasic-biser-4","status":"publish","type":"product","link":"https:\/\/moirai.si\/de\/izdelek\/clasic-biser-4\/","title":{"rendered":"Klassisch Perle"},"content":{"rendered":"<p>Elegantni uhani kolekcije Clasic, ki so narejeni iz sladkovodno-gojenih biserov in srebra 925.<\/p>\n<p>MATERIAL: wei\u00dfe S\u00fc\u00dfwasser-Zuchtperle, Sterling Silber 925<br \/>\nGEWICHT: 2,9 g<br \/>\nVELIKOST BISERA: 9mm<br \/>\nDOL\u017dINA UHANA: 3 cm<\/p>","protected":false},"excerpt":{"rendered":"<p>Elegantni uhani kolekcije Clasic, ki so narejeni iz sladkovodno-gojenih biserov in srebra 925. MATERIAL: beli sladkovodno-gojeni biser, srebro 925 TE\u017dA: 2,9 g VELIKOST BISERA: 9mm DOL\u017dINA UHANA: 3 cm<\/p>","protected":false},"featured_media":23175,"template":"","meta":[],"product_brand":[],"product_cat":[687,1135,208,1138,27,1141],"product_tag":[638,371],"class_list":{"0":"post-13404","1":"product","2":"type-product","3":"status-publish","4":"has-post-thumbnail","6":"product_cat-biser","7":"product_cat-biseri-in-skoljke","8":"product_cat-clasic","9":"product_cat-ogled-vseh-uhani","10":"product_cat-uhani","11":"product_cat-uhani-clasic","12":"product_tag-beli-sladkovodno-gojeni-biser","13":"product_tag-srebro-925","15":"first","16":"instock","17":"purchasable","18":"product-type-simple"},"_links":{"self":[{"href":"https:\/\/moirai.si\/de\/wp-json\/wp\/v2\/product\/13404","targetHints":{"allow":["GET"]}}],"collection":[{"href":"https:\/\/moirai.si\/de\/wp-json\/wp\/v2\/product"}],"about":[{"href":"https:\/\/moirai.si\/de\/wp-json\/wp\/v2\/types\/product"}],"wp:featuredmedia":[{"embeddable":true,"href":"https:\/\/moirai.si\/de\/wp-json\/wp\/v2\/media\/23175"}],"wp:attachment":[{"href":"https:\/\/moirai.si\/de\/wp-json\/wp\/v2\/media?parent=13404"}],"wp:term":[{"taxonomy":"product_brand","embeddable":true,"href":"https:\/\/moirai.si\/de\/wp-json\/wp\/v2\/product_brand?post=13404"},{"taxonomy":"product_cat","embeddable":true,"href":"https:\/\/moirai.si\/de\/wp-json\/wp\/v2\/product_cat?post=13404"},{"taxonomy":"product_tag","embeddable":true,"href":"https:\/\/moirai.si\/de\/wp-json\/wp\/v2\/product_tag?post=13404"}],"curies":[{"name":"wp","href":"https:\/\/api.w.org\/{rel}","templated":true}]}}