{"id":13422,"date":"2019-06-05T11:25:39","date_gmt":"2019-06-05T11:25:39","guid":{"rendered":"https:\/\/moirai.si\/?post_type=product&#038;p=13422"},"modified":"2026-03-26T12:40:38","modified_gmt":"2026-03-26T12:40:38","slug":"rauchernder-quarz","status":"publish","type":"product","link":"https:\/\/moirai.si\/de\/izdelek\/kvarc-dimni\/","title":{"rendered":"Quarz-Rauch"},"content":{"rendered":"<p>Ein sch\u00f6nes St\u00fcck polierter Rauchquarz (Brasilien), geeignet als heilender Handstein oder als Geschenk f\u00fcr Ihre Lieben. Die Abbildung ist symbolisch. Geringe Abweichungen in Farbe, Gewicht und Form sind m\u00f6glich.<\/p>\n<p>Weitere Informationen: <a href=\"https:\/\/moirai.si\/de\/quarz\/\" target=\"_blank\" rel=\"noopener noreferrer\">Quarz<\/a><\/p>\n<p>MATERIAL: Rauchquarz (Chadavec)<br \/>\nABMESSUNGEN: 1,5-4 cm<br \/>\nGEWICHT: 5-25 g<\/p>","protected":false},"excerpt":{"rendered":"<p>\u010cudovit kos spoliranega Dimnega Kvarca (Brazilija), primeren kot zdravilni ro\u010dni kamen ali kot darilo za va\u0161e najbli\u017enje. Slika je simboli\u010dna. Mo\u017ena so manj\u0161a odstopanja v barvi, te\u017ei in obliki. Ve\u010d informacij: Kvarc MATERIAL: Dimni Kvarc (\u010cadavec) DIMENZIJE: 1,5-4 cm TE\u017dA: 5-25 g<\/p>","protected":false},"featured_media":25711,"template":"","meta":[],"product_brand":[],"product_cat":[848,753],"product_tag":[842],"class_list":{"0":"post-13422","1":"product","2":"type-product","3":"status-publish","4":"has-post-thumbnail","6":"product_cat-kvarc","7":"product_cat-rocni-kamni","8":"product_tag-dimni-kvarc-cadavec","10":"first","11":"instock","12":"purchasable","13":"product-type-simple"},"_links":{"self":[{"href":"https:\/\/moirai.si\/de\/wp-json\/wp\/v2\/product\/13422","targetHints":{"allow":["GET"]}}],"collection":[{"href":"https:\/\/moirai.si\/de\/wp-json\/wp\/v2\/product"}],"about":[{"href":"https:\/\/moirai.si\/de\/wp-json\/wp\/v2\/types\/product"}],"wp:featuredmedia":[{"embeddable":true,"href":"https:\/\/moirai.si\/de\/wp-json\/wp\/v2\/media\/25711"}],"wp:attachment":[{"href":"https:\/\/moirai.si\/de\/wp-json\/wp\/v2\/media?parent=13422"}],"wp:term":[{"taxonomy":"product_brand","embeddable":true,"href":"https:\/\/moirai.si\/de\/wp-json\/wp\/v2\/product_brand?post=13422"},{"taxonomy":"product_cat","embeddable":true,"href":"https:\/\/moirai.si\/de\/wp-json\/wp\/v2\/product_cat?post=13422"},{"taxonomy":"product_tag","embeddable":true,"href":"https:\/\/moirai.si\/de\/wp-json\/wp\/v2\/product_tag?post=13422"}],"curies":[{"name":"wp","href":"https:\/\/api.w.org\/{rel}","templated":true}]}}