{"id":13498,"date":"2019-06-17T15:53:54","date_gmt":"2019-06-17T15:53:54","guid":{"rendered":"https:\/\/moirai.si\/?post_type=product&#038;p=13498"},"modified":"2025-06-09T18:12:44","modified_gmt":"2025-06-09T18:12:44","slug":"versy-ahat-mahovni-3","status":"publish","type":"product","link":"https:\/\/moirai.si\/de\/izdelek\/versy-ahat-mahovni-3\/","title":{"rendered":"Versy Moosiger Achat"},"content":{"rendered":"<p>Einzigartiger Anh\u00e4nger der Versy-Kollektion aus Moosachat an einem schwarzen Lederband mit verstellbarer L\u00e4nge (den Knoten nach oben oder unten ziehen). Die Kette ist unisex und f\u00fcr Kinder und Erwachsene geeignet. <\/p>\n<p>Weitere Informationen: <a href=\"https:\/\/moirai.si\/de\/achat\/\" target=\"_blank\" rel=\"noopener noreferrer\">Achat<\/a><\/p>\n<p>MATERIAL: Moosachat, schwarzes Leder<br \/>\nL\u00c4NGE: einstellbar (38-77 cm)<br \/>\nGEWICHT: 25,4 g<br \/>\nGr\u00f6\u00dfe des Steins: 2,3 x 3,5 cm<br \/>\nSTEINDICKE: 18mm<\/p>","protected":false},"excerpt":{"rendered":"<p>Unikaten obesek kolekcije Versy iz Mahovnega Ahata na \u010drnem usnjenem traku s prilagodljivo dol\u017eino (poteg vozla gor oz. dol). Ogrlica je unisex in je primerna za otroke in odrasle. Ve\u010d informacij: Ahat MATERIAL: Mahovni Ahat, \u010drno usnje DOL\u017dINA: prilagodljiva (38-77 cm) TE\u017dA: 25,4 g VELIKOST KAMNA: 2,3 x 3,5 cm DEBELINA KAMNA: 18mm<\/p>","protected":false},"featured_media":13499,"template":"","meta":[],"product_brand":[],"product_cat":[30,92,309],"product_tag":[648,775],"class_list":{"0":"post-13498","1":"product","2":"type-product","3":"status-publish","4":"has-post-thumbnail","6":"product_cat-ahat","7":"product_cat-obeski-in-usnje","8":"product_cat-versy","9":"product_tag-crno-usnje","10":"product_tag-mahovni-ahat","12":"first","13":"instock","14":"purchasable","15":"product-type-simple"},"_links":{"self":[{"href":"https:\/\/moirai.si\/de\/wp-json\/wp\/v2\/product\/13498","targetHints":{"allow":["GET"]}}],"collection":[{"href":"https:\/\/moirai.si\/de\/wp-json\/wp\/v2\/product"}],"about":[{"href":"https:\/\/moirai.si\/de\/wp-json\/wp\/v2\/types\/product"}],"wp:featuredmedia":[{"embeddable":true,"href":"https:\/\/moirai.si\/de\/wp-json\/wp\/v2\/media\/13499"}],"wp:attachment":[{"href":"https:\/\/moirai.si\/de\/wp-json\/wp\/v2\/media?parent=13498"}],"wp:term":[{"taxonomy":"product_brand","embeddable":true,"href":"https:\/\/moirai.si\/de\/wp-json\/wp\/v2\/product_brand?post=13498"},{"taxonomy":"product_cat","embeddable":true,"href":"https:\/\/moirai.si\/de\/wp-json\/wp\/v2\/product_cat?post=13498"},{"taxonomy":"product_tag","embeddable":true,"href":"https:\/\/moirai.si\/de\/wp-json\/wp\/v2\/product_tag?post=13498"}],"curies":[{"name":"wp","href":"https:\/\/api.w.org\/{rel}","templated":true}]}}