{"id":13500,"date":"2019-06-17T15:57:13","date_gmt":"2019-06-17T15:57:13","guid":{"rendered":"https:\/\/moirai.si\/?post_type=product&#038;p=13500"},"modified":"2025-06-09T18:12:37","modified_gmt":"2025-06-09T18:12:37","slug":"versy-ahat-mahovni-6","status":"publish","type":"product","link":"https:\/\/moirai.si\/de\/izdelek\/versy-ahat-mahovni-6\/","title":{"rendered":"Versy Moosiger Achat"},"content":{"rendered":"<p>Einzigartiger Anh\u00e4nger der Versy-Kollektion aus Moosachat an einem schwarzen Lederband mit verstellbarer L\u00e4nge (den Knoten nach oben oder unten ziehen). Die Kette ist unisex und f\u00fcr Kinder und Erwachsene geeignet. <\/p>\n<p>Weitere Informationen: <a href=\"https:\/\/moirai.si\/de\/achat\/\" target=\"_blank\" rel=\"noopener noreferrer\">Achat<\/a><\/p>\n<p>MATERIAL: Moosachat, schwarzes Leder<br \/>\nL\u00c4NGE: einstellbar (38-77 cm)<br \/>\nTE\u017dA: 15,3 g<br \/>\nVELIKOST KAMNA: 2,2 x 2,6 cm<br \/>\nDEBELINA KAMNA: 14mm<\/p>","protected":false},"excerpt":{"rendered":"<p>Unikaten obesek kolekcije Versy iz Mahovnega Ahata na \u010drnem usnjenem traku s prilagodljivo dol\u017eino (poteg vozla gor oz. dol). Ogrlica je unisex in je primerna za otroke in odrasle. Ve\u010d informacij: Ahat MATERIAL: Mahovni Ahat, \u010drno usnje DOL\u017dINA: prilagodljiva (38-77 cm) TE\u017dA: 15,3 g VELIKOST KAMNA: 2,2 x 2,6 cm DEBELINA KAMNA: 14mm<\/p>","protected":false},"featured_media":13501,"template":"","meta":[],"product_brand":[],"product_cat":[30,92,309],"product_tag":[648,775],"class_list":{"0":"post-13500","1":"product","2":"type-product","3":"status-publish","4":"has-post-thumbnail","6":"product_cat-ahat","7":"product_cat-obeski-in-usnje","8":"product_cat-versy","9":"product_tag-crno-usnje","10":"product_tag-mahovni-ahat","12":"first","13":"instock","14":"purchasable","15":"product-type-simple"},"_links":{"self":[{"href":"https:\/\/moirai.si\/de\/wp-json\/wp\/v2\/product\/13500","targetHints":{"allow":["GET"]}}],"collection":[{"href":"https:\/\/moirai.si\/de\/wp-json\/wp\/v2\/product"}],"about":[{"href":"https:\/\/moirai.si\/de\/wp-json\/wp\/v2\/types\/product"}],"wp:featuredmedia":[{"embeddable":true,"href":"https:\/\/moirai.si\/de\/wp-json\/wp\/v2\/media\/13501"}],"wp:attachment":[{"href":"https:\/\/moirai.si\/de\/wp-json\/wp\/v2\/media?parent=13500"}],"wp:term":[{"taxonomy":"product_brand","embeddable":true,"href":"https:\/\/moirai.si\/de\/wp-json\/wp\/v2\/product_brand?post=13500"},{"taxonomy":"product_cat","embeddable":true,"href":"https:\/\/moirai.si\/de\/wp-json\/wp\/v2\/product_cat?post=13500"},{"taxonomy":"product_tag","embeddable":true,"href":"https:\/\/moirai.si\/de\/wp-json\/wp\/v2\/product_tag?post=13500"}],"curies":[{"name":"wp","href":"https:\/\/api.w.org\/{rel}","templated":true}]}}