{"id":13607,"date":"2019-06-19T16:07:28","date_gmt":"2019-06-19T16:07:28","guid":{"rendered":"https:\/\/moirai.si\/?post_type=product&#038;p=13607"},"modified":"2025-08-19T20:30:42","modified_gmt":"2025-08-19T20:30:42","slug":"versy-amazonit-8","status":"publish","type":"product","link":"https:\/\/moirai.si\/de\/izdelek\/versy-amazonit-8\/","title":{"rendered":"Versy Amazonit"},"content":{"rendered":"<p>Einzigartiger Anh\u00e4nger der Versy-Kollektion aus Amazonit an einem schwarzen Lederband mit verstellbarer L\u00e4nge (Knoten nach oben oder unten ziehen). Die Halskette ist unisex und f\u00fcr Kinder und Erwachsene geeignet. <\/p>\n<p>Weitere Informationen: <a href=\"https:\/\/moirai.si\/de\/amazonit\/\" target=\"_blank\" rel=\"noopener noreferrer\">Amazonit<\/a><\/p>\n<p>MATERIAL: Amazonit, schwarzes Leder<br \/>\nL\u00c4NGE: einstellbar (38-77 cm)<br \/>\nTE\u017dA: 8,8 g<br \/>\nVELIKOST KAMNA: 2,2 x 2,7 cm<br \/>\nSTEINDICKE: 0,6 cm<\/p>","protected":false},"excerpt":{"rendered":"<p>Unikaten obesek kolekcije Versy iz Amazonita na \u010drnem usnjenem traku s prilagodljivo dol\u017eino (poteg vozla gor oz. dol). Ogrlica je unisex in je primerna za otroke in odrasle. Ve\u010d informacij: Amazonit MATERIAL: Amazonit, \u010drno usnje DOL\u017dINA: prilagodljiva (38-77 cm) TE\u017dA: 8,8 g VELIKOST KAMNA: 2,2 x 2,7 cm DEBELINA KAMNA: 0,6 cm<\/p>","protected":false},"featured_media":23983,"template":"","meta":[],"product_brand":[],"product_cat":[32,309],"product_tag":[228,648],"class_list":{"0":"post-13607","1":"product","2":"type-product","3":"status-publish","4":"has-post-thumbnail","6":"product_cat-amazonit","7":"product_cat-versy","8":"product_tag-amazonit","9":"product_tag-crno-usnje","11":"first","12":"instock","13":"purchasable","14":"product-type-simple"},"_links":{"self":[{"href":"https:\/\/moirai.si\/de\/wp-json\/wp\/v2\/product\/13607","targetHints":{"allow":["GET"]}}],"collection":[{"href":"https:\/\/moirai.si\/de\/wp-json\/wp\/v2\/product"}],"about":[{"href":"https:\/\/moirai.si\/de\/wp-json\/wp\/v2\/types\/product"}],"wp:featuredmedia":[{"embeddable":true,"href":"https:\/\/moirai.si\/de\/wp-json\/wp\/v2\/media\/23983"}],"wp:attachment":[{"href":"https:\/\/moirai.si\/de\/wp-json\/wp\/v2\/media?parent=13607"}],"wp:term":[{"taxonomy":"product_brand","embeddable":true,"href":"https:\/\/moirai.si\/de\/wp-json\/wp\/v2\/product_brand?post=13607"},{"taxonomy":"product_cat","embeddable":true,"href":"https:\/\/moirai.si\/de\/wp-json\/wp\/v2\/product_cat?post=13607"},{"taxonomy":"product_tag","embeddable":true,"href":"https:\/\/moirai.si\/de\/wp-json\/wp\/v2\/product_tag?post=13607"}],"curies":[{"name":"wp","href":"https:\/\/api.w.org\/{rel}","templated":true}]}}