{"id":13671,"date":"2019-06-20T17:01:07","date_gmt":"2019-06-20T17:01:07","guid":{"rendered":"https:\/\/moirai.si\/?post_type=product&#038;p=13671"},"modified":"2024-07-17T11:46:07","modified_gmt":"2024-07-17T11:46:07","slug":"versy-granatgrun-3","status":"publish","type":"product","link":"https:\/\/moirai.si\/de\/izdelek\/versy-granat-zeleni-3\/","title":{"rendered":"Versy Granatgr\u00fcn"},"content":{"rendered":"<p>Einzigartiger Anh\u00e4nger aus der Versy-Kollektion in gr\u00fcnem Granat an einem schwarzen Lederband mit verstellbarer L\u00e4nge (den Knoten nach oben oder unten ziehen). Die Kette ist unisex und f\u00fcr Kinder und Erwachsene geeignet. <\/p>\n<p>Weitere Informationen: <a href=\"https:\/\/moirai.si\/de\/granate\/\" target=\"_blank\" rel=\"noopener noreferrer\">Granate<\/a><\/p>\n<p>MATERIAL: Gr\u00fcner Granat (Tsavorit oder Tsavolith), Leder<br \/>\nL\u00c4NGE: flexibel (38-77 cm)<br \/>\nGEWICHT: 14,8 g<br \/>\nANH\u00c4NGER GR\u00d6SSE: 2 x 2,8 cm<br \/>\nSTEINST\u00c4RKE: 1,1 cm<\/p>","protected":false},"excerpt":{"rendered":"<p>Unikaten obesek kolekcije Versy iz Zelenega Granata na \u010drnem usnjenem traku s prilagodljivo dol\u017eino (poteg vozla gor oz. dol). Ogrlica je unisex in je primerna za otroke in odrasle. Ve\u010d informacij: Granat MATERIAL: zeleni Granat (Tsavorit ali Tsavolit), usnje DOL\u017dINA: prilagodljiva (38-77 cm) TE\u017dA: 14.8 g VELIKOST OBESKA: 2 x 2,8 cm DEBELINA KAMNA: 1,1 [&hellip;]<\/p>\n","protected":false},"featured_media":13672,"template":"","meta":[],"product_brand":[],"product_cat":[41,92,309],"product_tag":[193,1117],"class_list":{"0":"post-13671","1":"product","2":"type-product","3":"status-publish","4":"has-post-thumbnail","6":"product_cat-granat","7":"product_cat-obeski-in-usnje","8":"product_cat-versy","9":"product_tag-usnje","10":"product_tag-zeleni-granat-tsavorit-ali-tsavolit","12":"first","13":"instock","14":"purchasable","15":"product-type-simple"},"_links":{"self":[{"href":"https:\/\/moirai.si\/de\/wp-json\/wp\/v2\/product\/13671","targetHints":{"allow":["GET"]}}],"collection":[{"href":"https:\/\/moirai.si\/de\/wp-json\/wp\/v2\/product"}],"about":[{"href":"https:\/\/moirai.si\/de\/wp-json\/wp\/v2\/types\/product"}],"wp:featuredmedia":[{"embeddable":true,"href":"https:\/\/moirai.si\/de\/wp-json\/wp\/v2\/media\/13672"}],"wp:attachment":[{"href":"https:\/\/moirai.si\/de\/wp-json\/wp\/v2\/media?parent=13671"}],"wp:term":[{"taxonomy":"product_brand","embeddable":true,"href":"https:\/\/moirai.si\/de\/wp-json\/wp\/v2\/product_brand?post=13671"},{"taxonomy":"product_cat","embeddable":true,"href":"https:\/\/moirai.si\/de\/wp-json\/wp\/v2\/product_cat?post=13671"},{"taxonomy":"product_tag","embeddable":true,"href":"https:\/\/moirai.si\/de\/wp-json\/wp\/v2\/product_tag?post=13671"}],"curies":[{"name":"wp","href":"https:\/\/api.w.org\/{rel}","templated":true}]}}