{"id":13841,"date":"2019-07-20T07:18:06","date_gmt":"2019-07-20T07:18:06","guid":{"rendered":"https:\/\/moirai.si\/?post_type=product&#038;p=13841"},"modified":"2025-07-07T16:33:55","modified_gmt":"2025-07-07T16:33:55","slug":"makramee-sodalith","status":"publish","type":"product","link":"https:\/\/moirai.si\/de\/izdelek\/macrame-sodalit\/","title":{"rendered":"Makramee Sodalith"},"content":{"rendered":"<p>Unisex-Armband aus der Macrame-Kollektion, hergestellt aus Sodalith. Das Armband ist flexibel und leicht zu tragen. Das Bild ist symbolisch, leichte Abweichungen in Farbe und Gewicht sind m\u00f6glich.<\/p>\n<p>Weitere Informationen: <a href=\"https:\/\/moirai.si\/de\/sodalith\/\" target=\"_blank\" rel=\"noopener noreferrer\">Sodalith<\/p>\n<p>MATERIAL: Sodalith<br \/>\nL\u00c4NGE: einstellbar von 16-25 cm<br \/>\nGEWICHT: 9,7 g<br \/>\nSTEINGR\u00d6SSE: 6-8mm<\/a><\/p>","protected":false},"excerpt":{"rendered":"<p>Unisex zapestnica kolekcije Macrame, ki je narejena iz Sodalita. Zapestnica je prilagodljiva in enostavna za no\u0161enje. Slika je simboli\u010dna, mo\u017ena so manj\u0161a odstopanja v barvi in te\u017ei. Ve\u010d informacij: Sodalit MATERIAL: Sodalit DOL\u017dINA: prilagodljiva od 16-25 cm TE\u017dA: 9.7 g VELIKOST KAMNOV: 6-8mm<\/p>","protected":false},"featured_media":26118,"template":"","meta":[],"product_brand":[],"product_cat":[820,212,821,822,823,1137,77],"product_tag":[227],"class_list":{"0":"post-13841","1":"product","2":"type-product","3":"status-publish","4":"has-post-thumbnail","6":"product_cat-do-18cm","7":"product_cat-macrame-2","8":"product_cat-od-18-do-19cm","9":"product_cat-od-19-do-20cm","10":"product_cat-od-20cm","11":"product_cat-ogled-vseh-zapestnice-2","12":"product_cat-sodalit","13":"product_tag-sodalit","15":"first","16":"instock","17":"purchasable","18":"product-type-simple"},"_links":{"self":[{"href":"https:\/\/moirai.si\/de\/wp-json\/wp\/v2\/product\/13841","targetHints":{"allow":["GET"]}}],"collection":[{"href":"https:\/\/moirai.si\/de\/wp-json\/wp\/v2\/product"}],"about":[{"href":"https:\/\/moirai.si\/de\/wp-json\/wp\/v2\/types\/product"}],"wp:featuredmedia":[{"embeddable":true,"href":"https:\/\/moirai.si\/de\/wp-json\/wp\/v2\/media\/26118"}],"wp:attachment":[{"href":"https:\/\/moirai.si\/de\/wp-json\/wp\/v2\/media?parent=13841"}],"wp:term":[{"taxonomy":"product_brand","embeddable":true,"href":"https:\/\/moirai.si\/de\/wp-json\/wp\/v2\/product_brand?post=13841"},{"taxonomy":"product_cat","embeddable":true,"href":"https:\/\/moirai.si\/de\/wp-json\/wp\/v2\/product_cat?post=13841"},{"taxonomy":"product_tag","embeddable":true,"href":"https:\/\/moirai.si\/de\/wp-json\/wp\/v2\/product_tag?post=13841"}],"curies":[{"name":"wp","href":"https:\/\/api.w.org\/{rel}","templated":true}]}}