{"id":13935,"date":"2019-07-24T10:28:42","date_gmt":"2019-07-24T10:28:42","guid":{"rendered":"https:\/\/moirai.si\/?post_type=product&#038;p=13935"},"modified":"2022-11-09T12:12:02","modified_gmt":"2022-11-09T12:12:02","slug":"versy-hrizopras-11","status":"publish","type":"product","link":"https:\/\/moirai.si\/de\/izdelek\/versy-hrizopras-11\/","title":{"rendered":"Versy Chrysopras"},"content":{"rendered":"<p>Einzigartiger Anh\u00e4nger aus der Versy-Kollektion in Chrysopras an einem schwarzen Lederband mit verstellbarer L\u00e4nge (den Knoten nach oben oder unten ziehen). Die Kette ist unisex und f\u00fcr Kinder und Erwachsene geeignet. <\/p>\n<p>Weitere Informationen: <a href=\"https:\/\/moirai.si\/de\/chrysopras\/\" target=\"_blank\" rel=\"noopener noreferrer\">Chrysopras<\/a><\/p>\n<p>MATERIAL: Chrysopras (Chrysopraz), schwarzes Leder<br \/>\nL\u00c4NGE: flexibel (38-77 cm)<br \/>\nTE\u017dA: 10,6 g<br \/>\nVELIKOST KAMNA: 1,9 x 3,2 cm<br \/>\nSTEINDICKE: 0,9 cm<\/p>","protected":false},"excerpt":{"rendered":"<p>Unikaten obesek kolekcije Versy iz Hrizopraza na \u010drnem usnjenem traku s prilagodljivo dol\u017eino (poteg vozla gor oz. dol). Ogrlica je unisex in je primerna za otroke in odrasle. Ve\u010d informacij: Hrizopras MATERIAL: Hrizopras (Hrizopraz), \u010drno usnje DOL\u017dINA: prilagodljiva (38-77 cm) TE\u017dA: 10,6 g VELIKOST KAMNA: 1,9 x 3,2 cm DEBELINA KAMNA: 0.9 cm<\/p>","protected":false},"featured_media":13936,"template":"","meta":[],"product_brand":[],"product_cat":[43,92,309],"product_tag":[648,776],"class_list":{"0":"post-13935","1":"product","2":"type-product","3":"status-publish","4":"has-post-thumbnail","6":"product_cat-hrizopras","7":"product_cat-obeski-in-usnje","8":"product_cat-versy","9":"product_tag-crno-usnje","10":"product_tag-hrizopras-hrizopraz","12":"first","13":"instock","14":"purchasable","15":"product-type-simple"},"_links":{"self":[{"href":"https:\/\/moirai.si\/de\/wp-json\/wp\/v2\/product\/13935","targetHints":{"allow":["GET"]}}],"collection":[{"href":"https:\/\/moirai.si\/de\/wp-json\/wp\/v2\/product"}],"about":[{"href":"https:\/\/moirai.si\/de\/wp-json\/wp\/v2\/types\/product"}],"wp:featuredmedia":[{"embeddable":true,"href":"https:\/\/moirai.si\/de\/wp-json\/wp\/v2\/media\/13936"}],"wp:attachment":[{"href":"https:\/\/moirai.si\/de\/wp-json\/wp\/v2\/media?parent=13935"}],"wp:term":[{"taxonomy":"product_brand","embeddable":true,"href":"https:\/\/moirai.si\/de\/wp-json\/wp\/v2\/product_brand?post=13935"},{"taxonomy":"product_cat","embeddable":true,"href":"https:\/\/moirai.si\/de\/wp-json\/wp\/v2\/product_cat?post=13935"},{"taxonomy":"product_tag","embeddable":true,"href":"https:\/\/moirai.si\/de\/wp-json\/wp\/v2\/product_tag?post=13935"}],"curies":[{"name":"wp","href":"https:\/\/api.w.org\/{rel}","templated":true}]}}