{"id":13987,"date":"2019-07-31T14:20:16","date_gmt":"2019-07-31T14:20:16","guid":{"rendered":"https:\/\/moirai.si\/?post_type=product&#038;p=13987"},"modified":"2022-11-14T14:32:34","modified_gmt":"2022-11-14T14:32:34","slug":"versy-macje-oko-5","status":"publish","type":"product","link":"https:\/\/moirai.si\/de\/izdelek\/versy-macje-oko-5\/","title":{"rendered":"Versy Katzenauge"},"content":{"rendered":"<p>Unikaten obesek kolekcije Versy iz Ma\u010djega O\u010desa na \u010drnem usnjenem traku s prilagodljivo dol\u017eino (poteg vozla gor oz. dol). Ogrlica je unisex in je primerna za otroke in odrasle.<\/p>\n<p>Weitere Informationen: <a href=\"https:\/\/moirai.si\/de\/augenverletzungen\/\" target=\"_blank\" rel=\"noopener noreferrer\">Das Auge der Katze<\/a><\/p>\n<p>MATERIAL: Ma\u010dje Oko (rde\u010de Tigrovo Oko), \u010drno usnje<br \/>\nL\u00c4NGE: flexibel (38-77 cm)<br \/>\nTE\u017dA: 26,1 g<br \/>\nVELIKOST KAMNA: 2,2x 4,9 cm<br \/>\nSTEINST\u00c4RKE: 1,1 cm<\/p>","protected":false},"excerpt":{"rendered":"<p>Unikaten obesek kolekcije Versy iz Ma\u010djega O\u010desa na \u010drnem usnjenem traku s prilagodljivo dol\u017eino (poteg vozla gor oz. dol). Ogrlica je unisex in je primerna za otroke in odrasle. Ve\u010d informacij: Ma\u010dje Oko MATERIAL: Ma\u010dje Oko (rde\u010de Tigrovo Oko), \u010drno usnje DOL\u017dINA: prilagodljiva (38-77 cm) TE\u017dA: 26,1 g VELIKOST KAMNA: 2,2x 4,9 cm DEBELINA KAMNA: [&hellip;]<\/p>\n","protected":false},"featured_media":13988,"template":"","meta":[],"product_brand":[],"product_cat":[86,92,309],"product_tag":[648,705],"class_list":{"0":"post-13987","1":"product","2":"type-product","3":"status-publish","4":"has-post-thumbnail","6":"product_cat-macje-oko","7":"product_cat-obeski-in-usnje","8":"product_cat-versy","9":"product_tag-crno-usnje","10":"product_tag-macje-oko-rdece-tigrovo-oko","12":"first","13":"instock","14":"purchasable","15":"product-type-simple"},"_links":{"self":[{"href":"https:\/\/moirai.si\/de\/wp-json\/wp\/v2\/product\/13987","targetHints":{"allow":["GET"]}}],"collection":[{"href":"https:\/\/moirai.si\/de\/wp-json\/wp\/v2\/product"}],"about":[{"href":"https:\/\/moirai.si\/de\/wp-json\/wp\/v2\/types\/product"}],"wp:featuredmedia":[{"embeddable":true,"href":"https:\/\/moirai.si\/de\/wp-json\/wp\/v2\/media\/13988"}],"wp:attachment":[{"href":"https:\/\/moirai.si\/de\/wp-json\/wp\/v2\/media?parent=13987"}],"wp:term":[{"taxonomy":"product_brand","embeddable":true,"href":"https:\/\/moirai.si\/de\/wp-json\/wp\/v2\/product_brand?post=13987"},{"taxonomy":"product_cat","embeddable":true,"href":"https:\/\/moirai.si\/de\/wp-json\/wp\/v2\/product_cat?post=13987"},{"taxonomy":"product_tag","embeddable":true,"href":"https:\/\/moirai.si\/de\/wp-json\/wp\/v2\/product_tag?post=13987"}],"curies":[{"name":"wp","href":"https:\/\/api.w.org\/{rel}","templated":true}]}}