{"id":14061,"date":"2019-08-06T14:41:00","date_gmt":"2019-08-06T14:41:00","guid":{"rendered":"https:\/\/moirai.si\/?post_type=product&#038;p=14061"},"modified":"2025-01-12T20:09:36","modified_gmt":"2025-01-12T20:09:36","slug":"klassischer-steinschuss-10","status":"publish","type":"product","link":"https:\/\/moirai.si\/de\/izdelek\/clasic-kamena-strela-10\/","title":{"rendered":"Klassischer Bergkristall"},"content":{"rendered":"<p>Elegante Ohrringe aus der Clasic-Kollektion, hergestellt aus Lightning-Steinen und 925er Sterlingsilber.<\/p>\n<p>Weitere Informationen: <a href=\"https:\/\/moirai.si\/de\/bergkristall\/\" target=\"_blank\" rel=\"noopener noreferrer\">Bergkristall<\/a><\/p>\n<p>MATERIAL: facettierter Steinblitz, Sterling Silber 925<br \/>\nSTEINGR\u00d6SSE: 6-10mm<br \/>\nGEWICHT: 4,7 g<br \/>\nL\u00c4NGE: 4,5 cm<\/p>","protected":false},"excerpt":{"rendered":"<p>Elegantni uhani kolekcije Clasic, ki so narejeni iz Kamene Strele in srebra 925. Ve\u010d informacij: Kamena Strela MATERIAL: fasetirana Kamena Strela, srebro 925 VELIKOST KAMNOV: 6-10mm TE\u017dA: 4,7 g DOL\u017dINA: 4,5 cm<\/p>","protected":false},"featured_media":14062,"template":"","meta":[],"product_brand":[],"product_cat":[208,68,848,1138,27,1141],"product_tag":[295,371],"class_list":{"0":"post-14061","1":"product","2":"type-product","3":"status-publish","4":"has-post-thumbnail","6":"product_cat-clasic","7":"product_cat-kamena-strela","8":"product_cat-kvarc","9":"product_cat-ogled-vseh-uhani","10":"product_cat-uhani","11":"product_cat-uhani-clasic","12":"product_tag-fasetirana-kamena-strela","13":"product_tag-srebro-925","15":"first","16":"instock","17":"purchasable","18":"product-type-simple"},"_links":{"self":[{"href":"https:\/\/moirai.si\/de\/wp-json\/wp\/v2\/product\/14061","targetHints":{"allow":["GET"]}}],"collection":[{"href":"https:\/\/moirai.si\/de\/wp-json\/wp\/v2\/product"}],"about":[{"href":"https:\/\/moirai.si\/de\/wp-json\/wp\/v2\/types\/product"}],"wp:featuredmedia":[{"embeddable":true,"href":"https:\/\/moirai.si\/de\/wp-json\/wp\/v2\/media\/14062"}],"wp:attachment":[{"href":"https:\/\/moirai.si\/de\/wp-json\/wp\/v2\/media?parent=14061"}],"wp:term":[{"taxonomy":"product_brand","embeddable":true,"href":"https:\/\/moirai.si\/de\/wp-json\/wp\/v2\/product_brand?post=14061"},{"taxonomy":"product_cat","embeddable":true,"href":"https:\/\/moirai.si\/de\/wp-json\/wp\/v2\/product_cat?post=14061"},{"taxonomy":"product_tag","embeddable":true,"href":"https:\/\/moirai.si\/de\/wp-json\/wp\/v2\/product_tag?post=14061"}],"curies":[{"name":"wp","href":"https:\/\/api.w.org\/{rel}","templated":true}]}}