{"id":14065,"date":"2019-08-06T15:15:26","date_gmt":"2019-08-06T15:15:26","guid":{"rendered":"https:\/\/moirai.si\/?post_type=product&#038;p=14065"},"modified":"2025-12-22T11:58:57","modified_gmt":"2025-12-22T11:58:57","slug":"clasic-obsidijan-zlati-4","status":"publish","type":"product","link":"https:\/\/moirai.si\/de\/izdelek\/clasic-obsidijan-zlati-4\/","title":{"rendered":"Klassischer Obsidian Golden"},"content":{"rendered":"<p>Elegante Ohrringe aus der Clasic-Kollektion, hergestellt aus Gold-Obsidian und Sterling Silber 925. Die Abbildung ist symbolisch. Leichte Farbabweichungen sind m\u00f6glich.<\/p>\n<p>MATERIAL: Gold-Obsidian, Sterling Silber 925<br \/>\nSTEINGR\u00d6SSE: 14 mm<br \/>\nGEWICHT: 4,7 g<br \/>\nL\u00c4NGE: 3,8 cm<\/p>","protected":false},"excerpt":{"rendered":"<p>Elegantni uhani kolekcije Clasic, ki so narejeni iz zlatega Obsidijana in rodiniranega srebra 925. Slika je simboli\u010dna. Mo\u017ena so manj\u0161a odstopanja v barvi. MATERIAL: zlati Obsidijan, rodinirano srebro 925 VELIKOST KAMNOV: 14 mm TE\u017dA: 4.7 g DOL\u017dINA: 3.8 cm<\/p>","protected":false},"featured_media":24091,"template":"","meta":[],"product_brand":[],"product_cat":[208,63,1138,27,1141],"product_tag":[637,841],"class_list":{"0":"post-14065","1":"product","2":"type-product","3":"status-publish","4":"has-post-thumbnail","6":"product_cat-clasic","7":"product_cat-obsidijan","8":"product_cat-ogled-vseh-uhani","9":"product_cat-uhani","10":"product_cat-uhani-clasic","11":"product_tag-rodinirano-srebro-925","12":"product_tag-zlati-obsidijan","14":"first","15":"instock","16":"purchasable","17":"product-type-simple"},"_links":{"self":[{"href":"https:\/\/moirai.si\/de\/wp-json\/wp\/v2\/product\/14065","targetHints":{"allow":["GET"]}}],"collection":[{"href":"https:\/\/moirai.si\/de\/wp-json\/wp\/v2\/product"}],"about":[{"href":"https:\/\/moirai.si\/de\/wp-json\/wp\/v2\/types\/product"}],"wp:featuredmedia":[{"embeddable":true,"href":"https:\/\/moirai.si\/de\/wp-json\/wp\/v2\/media\/24091"}],"wp:attachment":[{"href":"https:\/\/moirai.si\/de\/wp-json\/wp\/v2\/media?parent=14065"}],"wp:term":[{"taxonomy":"product_brand","embeddable":true,"href":"https:\/\/moirai.si\/de\/wp-json\/wp\/v2\/product_brand?post=14065"},{"taxonomy":"product_cat","embeddable":true,"href":"https:\/\/moirai.si\/de\/wp-json\/wp\/v2\/product_cat?post=14065"},{"taxonomy":"product_tag","embeddable":true,"href":"https:\/\/moirai.si\/de\/wp-json\/wp\/v2\/product_tag?post=14065"}],"curies":[{"name":"wp","href":"https:\/\/api.w.org\/{rel}","templated":true}]}}