{"id":14069,"date":"2019-08-06T15:22:21","date_gmt":"2019-08-06T15:22:21","guid":{"rendered":"https:\/\/moirai.si\/?post_type=product&#038;p=14069"},"modified":"2025-01-12T20:20:05","modified_gmt":"2025-01-12T20:20:05","slug":"clasic-rozevec-6","status":"publish","type":"product","link":"https:\/\/moirai.si\/de\/izdelek\/clasic-rozevec-6\/","title":{"rendered":"Klassischer Rosenquarz"},"content":{"rendered":"<p>Elegantni uhani kolekcije Clasic, ki so narejeni iz Ro\u017eevca in rodiniranega srebra 925.<\/p>\n<p>MATERIAL: Rosenquarz, Sterlingsilber 925<br \/>\nSTEINGR\u00d6SSE: 10 mm<br \/>\nTE\u017dA: 4,4 g<br \/>\nDOL\u017dINA: 3,6 cm<\/p>","protected":false},"excerpt":{"rendered":"<p>Elegantni uhani kolekcije Clasic, ki so narejeni iz Ro\u017eevca in rodiniranega srebra 925. MATERIAL: Ro\u017eevec, rodinirano srebro 925 VELIKOST KAMNOV: 10 mm TE\u017dA: 4,4 g DOL\u017dINA: 3,6 cm<\/p>","protected":false},"featured_media":25087,"template":"","meta":[],"product_brand":[],"product_cat":[208,1138,69,27,1141],"product_tag":[637,225],"class_list":{"0":"post-14069","1":"product","2":"type-product","3":"status-publish","4":"has-post-thumbnail","6":"product_cat-clasic","7":"product_cat-ogled-vseh-uhani","8":"product_cat-rozevec","9":"product_cat-uhani","10":"product_cat-uhani-clasic","11":"product_tag-rodinirano-srebro-925","12":"product_tag-rozevec","14":"first","15":"instock","16":"purchasable","17":"product-type-simple"},"_links":{"self":[{"href":"https:\/\/moirai.si\/de\/wp-json\/wp\/v2\/product\/14069","targetHints":{"allow":["GET"]}}],"collection":[{"href":"https:\/\/moirai.si\/de\/wp-json\/wp\/v2\/product"}],"about":[{"href":"https:\/\/moirai.si\/de\/wp-json\/wp\/v2\/types\/product"}],"wp:featuredmedia":[{"embeddable":true,"href":"https:\/\/moirai.si\/de\/wp-json\/wp\/v2\/media\/25087"}],"wp:attachment":[{"href":"https:\/\/moirai.si\/de\/wp-json\/wp\/v2\/media?parent=14069"}],"wp:term":[{"taxonomy":"product_brand","embeddable":true,"href":"https:\/\/moirai.si\/de\/wp-json\/wp\/v2\/product_brand?post=14069"},{"taxonomy":"product_cat","embeddable":true,"href":"https:\/\/moirai.si\/de\/wp-json\/wp\/v2\/product_cat?post=14069"},{"taxonomy":"product_tag","embeddable":true,"href":"https:\/\/moirai.si\/de\/wp-json\/wp\/v2\/product_tag?post=14069"}],"curies":[{"name":"wp","href":"https:\/\/api.w.org\/{rel}","templated":true}]}}