{"id":14108,"date":"2019-08-07T13:31:55","date_gmt":"2019-08-07T13:31:55","guid":{"rendered":"https:\/\/moirai.si\/?post_type=product&#038;p=14108"},"modified":"2025-01-13T18:23:31","modified_gmt":"2025-01-13T18:23:31","slug":"argo-stone-shot-3","status":"publish","type":"product","link":"https:\/\/moirai.si\/de\/izdelek\/argo-kamena-strela-3\/","title":{"rendered":"Argo Bergkristall"},"content":{"rendered":"<p>Elegante Ohrringe aus der Argo-Kollektion, hergestellt aus Lightning-Steinen und 925er Silber. <\/p>\n<p>Weitere Informationen: <a href=\"https:\/\/moirai.si\/de\/bergkristall\/\" target=\"_blank\" rel=\"noopener noreferrer\">Bergkristall<\/a><\/p>\n<p>MATERIAL: facettierter Steinblitz, Sterling Silber 925<br \/>\nGEWICHT: 3,2 g<br \/>\nSTEINGR\u00d6SSE: 10 mm<br \/>\nL\u00c4NGE: 4,7 cm<\/p>","protected":false},"excerpt":{"rendered":"<p>Elegantni uhani kolekcije Argo, ki so narejeni iz Kamene Strele in srebra 925. Ve\u010d informacij: Kamena Strela MATERIAL: fasetirana Kamena Strela, Srebro 925 TE\u017dA: 3,2 g VELIKOST KAMNOV: 10 mm DOL\u017dINA: 4,7 cm<\/p>","protected":false},"featured_media":25912,"template":"","meta":[],"product_brand":[],"product_cat":[191,68,848,1138,27,1140],"product_tag":[295,371],"class_list":{"0":"post-14108","1":"product","2":"type-product","3":"status-publish","4":"has-post-thumbnail","6":"product_cat-argo","7":"product_cat-kamena-strela","8":"product_cat-kvarc","9":"product_cat-ogled-vseh-uhani","10":"product_cat-uhani","11":"product_cat-uhani-argo","12":"product_tag-fasetirana-kamena-strela","13":"product_tag-srebro-925","15":"first","16":"instock","17":"purchasable","18":"product-type-simple"},"_links":{"self":[{"href":"https:\/\/moirai.si\/de\/wp-json\/wp\/v2\/product\/14108","targetHints":{"allow":["GET"]}}],"collection":[{"href":"https:\/\/moirai.si\/de\/wp-json\/wp\/v2\/product"}],"about":[{"href":"https:\/\/moirai.si\/de\/wp-json\/wp\/v2\/types\/product"}],"wp:featuredmedia":[{"embeddable":true,"href":"https:\/\/moirai.si\/de\/wp-json\/wp\/v2\/media\/25912"}],"wp:attachment":[{"href":"https:\/\/moirai.si\/de\/wp-json\/wp\/v2\/media?parent=14108"}],"wp:term":[{"taxonomy":"product_brand","embeddable":true,"href":"https:\/\/moirai.si\/de\/wp-json\/wp\/v2\/product_brand?post=14108"},{"taxonomy":"product_cat","embeddable":true,"href":"https:\/\/moirai.si\/de\/wp-json\/wp\/v2\/product_cat?post=14108"},{"taxonomy":"product_tag","embeddable":true,"href":"https:\/\/moirai.si\/de\/wp-json\/wp\/v2\/product_tag?post=14108"}],"curies":[{"name":"wp","href":"https:\/\/api.w.org\/{rel}","templated":true}]}}