{"id":14317,"date":"2019-08-21T16:16:10","date_gmt":"2019-08-21T16:16:10","guid":{"rendered":"https:\/\/moirai.si\/?post_type=product&#038;p=14317"},"modified":"2025-10-05T14:03:45","modified_gmt":"2025-10-05T14:03:45","slug":"klassischer-malachit-6","status":"publish","type":"product","link":"https:\/\/moirai.si\/de\/izdelek\/clasic-malahit-6\/","title":{"rendered":"Klassischer Malachit"},"content":{"rendered":"<p>Elegantes Armband aus der Clasic-Kollektion, hergestellt aus Malachit. Das Armband ist auf einem weichen, aber starken Stahldraht aufgereiht. Die Abbildung ist symbolisch. Leichte Abweichungen in Farbe und Gewicht sind m\u00f6glich. <\/p>\n<p>MATERIAL: Malachit, Sterlingsilber 925<br \/>\nL\u00c4NGE: einstellbar 17,5-20 cm<br \/>\nGEWICHT: 10,7 g<br \/>\nSTEINGR\u00d6SSE: 5 mm<br \/>\nSchlie\u00dfe: 9 mm<\/p>","protected":false},"excerpt":{"rendered":"<p>Elegantna zapestnica kolekcije Clasic, ki je narejena iz Malahita. Zapestnica je nizana na mehko, vendar mo\u010dno jekleno \u017eico. Slika je simboli\u010dna. Mo\u017ena so manj\u0161a odstopanja v barvi in te\u017ei. MATERIAL: Malahit, rodinirano srebro 925 DOL\u017dINA: prilagodljiva 17,5-20 cm TE\u017dA: 10,7 g VELIKOST KAMNOV: 5 mm ZAPONKA: 9 mm<\/p>","protected":false},"featured_media":24990,"template":"","meta":[],"product_brand":[],"product_cat":[208,820,60,821,822,823,1137],"product_tag":[399,637],"class_list":{"0":"post-14317","1":"product","2":"type-product","3":"status-publish","4":"has-post-thumbnail","6":"product_cat-clasic","7":"product_cat-do-18cm","8":"product_cat-malahit","9":"product_cat-od-18-do-19cm","10":"product_cat-od-19-do-20cm","11":"product_cat-od-20cm","12":"product_cat-ogled-vseh-zapestnice-2","13":"product_tag-malahit","14":"product_tag-rodinirano-srebro-925","16":"first","17":"instock","18":"purchasable","19":"product-type-simple"},"_links":{"self":[{"href":"https:\/\/moirai.si\/de\/wp-json\/wp\/v2\/product\/14317","targetHints":{"allow":["GET"]}}],"collection":[{"href":"https:\/\/moirai.si\/de\/wp-json\/wp\/v2\/product"}],"about":[{"href":"https:\/\/moirai.si\/de\/wp-json\/wp\/v2\/types\/product"}],"wp:featuredmedia":[{"embeddable":true,"href":"https:\/\/moirai.si\/de\/wp-json\/wp\/v2\/media\/24990"}],"wp:attachment":[{"href":"https:\/\/moirai.si\/de\/wp-json\/wp\/v2\/media?parent=14317"}],"wp:term":[{"taxonomy":"product_brand","embeddable":true,"href":"https:\/\/moirai.si\/de\/wp-json\/wp\/v2\/product_brand?post=14317"},{"taxonomy":"product_cat","embeddable":true,"href":"https:\/\/moirai.si\/de\/wp-json\/wp\/v2\/product_cat?post=14317"},{"taxonomy":"product_tag","embeddable":true,"href":"https:\/\/moirai.si\/de\/wp-json\/wp\/v2\/product_tag?post=14317"}],"curies":[{"name":"wp","href":"https:\/\/api.w.org\/{rel}","templated":true}]}}