{"id":14332,"date":"2019-08-28T09:19:12","date_gmt":"2019-08-28T09:19:12","guid":{"rendered":"https:\/\/moirai.si\/?post_type=product&#038;p=14332"},"modified":"2025-01-13T15:11:47","modified_gmt":"2025-01-13T15:11:47","slug":"clasic-kamena-strela-12","status":"publish","type":"product","link":"https:\/\/moirai.si\/de\/izdelek\/clasic-kamena-strela-12\/","title":{"rendered":"Klassischer Bergkristall"},"content":{"rendered":"<p>Elegantna zapestnica kolekcije Clasic, ki je narejena iz fasetirane Kamene Strele. Zapestnica je nizana na mehko, vendar mo\u010dno jekleno \u017eico.<\/p>\n<p>Weitere Informationen: <a href=\"https:\/\/moirai.si\/de\/bergkristall\/\" target=\"_blank\" rel=\"noopener noreferrer\">Bergkristall<\/a><\/p>\n<p>MATERIAL: fasetirana Kamena Strela, rodinirano Srebro 925<br \/>\nL\u00c4NGE: einstellbar 17,5-20 cm<br \/>\nTE\u017dA: 13,5 g<br \/>\nSTEINGR\u00d6SSE: 6 mm<br \/>\nSchlie\u00dfe: 9 mm<\/p>","protected":false},"excerpt":{"rendered":"<p>Elegantna zapestnica kolekcije Clasic, ki je narejena iz fasetirane Kamene Strele. Zapestnica je nizana na mehko, vendar mo\u010dno jekleno \u017eico. Ve\u010d informacij: Kamena Strela MATERIAL: fasetirana Kamena Strela, rodinirano Srebro 925 DOL\u017dINA: prilagodljiva 17.5-20 cm TE\u017dA: 13,5 g VELIKOST KAMNOV: 6 mm ZAPONKA: 9 mm<\/p>","protected":false},"featured_media":24987,"template":"","meta":[],"product_brand":[],"product_cat":[208,820,68,848,821,822,823,1137],"product_tag":[295,637],"class_list":{"0":"post-14332","1":"product","2":"type-product","3":"status-publish","4":"has-post-thumbnail","6":"product_cat-clasic","7":"product_cat-do-18cm","8":"product_cat-kamena-strela","9":"product_cat-kvarc","10":"product_cat-od-18-do-19cm","11":"product_cat-od-19-do-20cm","12":"product_cat-od-20cm","13":"product_cat-ogled-vseh-zapestnice-2","14":"product_tag-fasetirana-kamena-strela","15":"product_tag-rodinirano-srebro-925","17":"first","18":"instock","19":"purchasable","20":"product-type-simple"},"_links":{"self":[{"href":"https:\/\/moirai.si\/de\/wp-json\/wp\/v2\/product\/14332","targetHints":{"allow":["GET"]}}],"collection":[{"href":"https:\/\/moirai.si\/de\/wp-json\/wp\/v2\/product"}],"about":[{"href":"https:\/\/moirai.si\/de\/wp-json\/wp\/v2\/types\/product"}],"wp:featuredmedia":[{"embeddable":true,"href":"https:\/\/moirai.si\/de\/wp-json\/wp\/v2\/media\/24987"}],"wp:attachment":[{"href":"https:\/\/moirai.si\/de\/wp-json\/wp\/v2\/media?parent=14332"}],"wp:term":[{"taxonomy":"product_brand","embeddable":true,"href":"https:\/\/moirai.si\/de\/wp-json\/wp\/v2\/product_brand?post=14332"},{"taxonomy":"product_cat","embeddable":true,"href":"https:\/\/moirai.si\/de\/wp-json\/wp\/v2\/product_cat?post=14332"},{"taxonomy":"product_tag","embeddable":true,"href":"https:\/\/moirai.si\/de\/wp-json\/wp\/v2\/product_tag?post=14332"}],"curies":[{"name":"wp","href":"https:\/\/api.w.org\/{rel}","templated":true}]}}