{"id":14334,"date":"2019-08-28T09:21:10","date_gmt":"2019-08-28T09:21:10","guid":{"rendered":"https:\/\/moirai.si\/?post_type=product&#038;p=14334"},"modified":"2025-05-23T19:32:04","modified_gmt":"2025-05-23T19:32:04","slug":"klassischer-steinschuss-13","status":"publish","type":"product","link":"https:\/\/moirai.si\/de\/izdelek\/clasic-kamena-strela-13\/","title":{"rendered":"Klassischer Bergkristall"},"content":{"rendered":"<p>Elegantes Armband aus der Clasic-Kollektion, gefertigt aus Lightning Stone und 925er-Silberelementen, aufgereiht auf einem weichen, aber stabilen Stahldraht und veredelt mit Silberelementen. <\/p>\n<p>Weitere Informationen: <a href=\"https:\/\/moirai.si\/de\/bergkristall\/\" target=\"_blank\" rel=\"noopener noreferrer\">Bergkristall<\/a><\/p>\n<p>MATERIAL: facettierter Steinblitz, Sterling Silber 925<br \/>\nL\u00c4NGE: 17 cm<br \/>\nGEWICHT: 15,1 g<br \/>\nSteingr\u00f6\u00dfe: 6-10 mm<br \/>\nSchlie\u00dfe: 9 mm<\/p>","protected":false},"excerpt":{"rendered":"<p>Elegantna zapestnica kolekcije Clasic, ki je narejena iz Kamene Strele ter srebrnih 925 elementov, nizana na mehko, vendar mo\u010dno jekleno \u017eico in zaklju\u010dena s srebrnimi elementi. Ve\u010d informacij: Kamena Strela MATERIAL: fasetirana Kamena Strela, Srebro 925 DOL\u017dINA: 17 cm TE\u017dA: 15,1 g VELIKOST KAMNOV: 6-10 mm ZAPONKA: 9 mm<\/p>","protected":false},"featured_media":14335,"template":"","meta":[],"product_brand":[],"product_cat":[208,820,68,848,1137],"product_tag":[295,371],"class_list":{"0":"post-14334","1":"product","2":"type-product","3":"status-publish","4":"has-post-thumbnail","6":"product_cat-clasic","7":"product_cat-do-18cm","8":"product_cat-kamena-strela","9":"product_cat-kvarc","10":"product_cat-ogled-vseh-zapestnice-2","11":"product_tag-fasetirana-kamena-strela","12":"product_tag-srebro-925","14":"first","15":"instock","16":"purchasable","17":"product-type-simple"},"_links":{"self":[{"href":"https:\/\/moirai.si\/de\/wp-json\/wp\/v2\/product\/14334","targetHints":{"allow":["GET"]}}],"collection":[{"href":"https:\/\/moirai.si\/de\/wp-json\/wp\/v2\/product"}],"about":[{"href":"https:\/\/moirai.si\/de\/wp-json\/wp\/v2\/types\/product"}],"wp:featuredmedia":[{"embeddable":true,"href":"https:\/\/moirai.si\/de\/wp-json\/wp\/v2\/media\/14335"}],"wp:attachment":[{"href":"https:\/\/moirai.si\/de\/wp-json\/wp\/v2\/media?parent=14334"}],"wp:term":[{"taxonomy":"product_brand","embeddable":true,"href":"https:\/\/moirai.si\/de\/wp-json\/wp\/v2\/product_brand?post=14334"},{"taxonomy":"product_cat","embeddable":true,"href":"https:\/\/moirai.si\/de\/wp-json\/wp\/v2\/product_cat?post=14334"},{"taxonomy":"product_tag","embeddable":true,"href":"https:\/\/moirai.si\/de\/wp-json\/wp\/v2\/product_tag?post=14334"}],"curies":[{"name":"wp","href":"https:\/\/api.w.org\/{rel}","templated":true}]}}