{"id":14336,"date":"2019-08-28T09:32:19","date_gmt":"2019-08-28T09:32:19","guid":{"rendered":"https:\/\/moirai.si\/?post_type=product&#038;p=14336"},"modified":"2025-01-13T15:11:28","modified_gmt":"2025-01-13T15:11:28","slug":"klassischer-mix-4","status":"publish","type":"product","link":"https:\/\/moirai.si\/de\/izdelek\/clasic-mix-4\/","title":{"rendered":"Klassischer Mix"},"content":{"rendered":"<p>Elegantes Armband aus der Clasic-Kollektion, gefertigt aus Pilzkoralle, Lava, H\u00e4matit und 925er-Silberelementen, aufgereiht auf einem weichen, aber stabilen Stahldraht und veredelt mit Silberelementen. <\/p>\n<p>MATERIAL: rote Pilzkoralle, Lava, H\u00e4matit, Silber 925<br \/>\nL\u00c4NGE: einstellbar 17-20,5 cm<br \/>\nGEWICHT: 13,3 g<br \/>\nSteingr\u00f6\u00dfe: 6-8 mm<br \/>\nSchlie\u00dfe: 9 mm<\/p>","protected":false},"excerpt":{"rendered":"<p>Elegantna zapestnica kolekcije Clasic, ki je narejena iz Gobaste Korale, Lave, Hematita ter srebrnih 925 elementov, nizana na mehko, vendar mo\u010dno jekleno \u017eico in zaklju\u010dena s srebrnimi elementi. MATERIAL: rde\u010da Gobasta Korala, Lava, Hematit, Srebro 925 DOL\u017dINA: prilagodljiva 17-20,5 cm TE\u017dA: 13.3 g VELIKOST KAMNOV: 6-8 mm ZAPONKA: 9 mm<\/p>","protected":false},"featured_media":24134,"template":"","meta":[],"product_brand":[],"product_cat":[208,820,52,42,750,821,822,823,1137],"product_tag":[202,239,398,371],"class_list":{"0":"post-14336","1":"product","2":"type-product","3":"status-publish","4":"has-post-thumbnail","6":"product_cat-clasic","7":"product_cat-do-18cm","8":"product_cat-gobasta-korala","9":"product_cat-hematit","10":"product_cat-lava","11":"product_cat-od-18-do-19cm","12":"product_cat-od-19-do-20cm","13":"product_cat-od-20cm","14":"product_cat-ogled-vseh-zapestnice-2","15":"product_tag-hematit","16":"product_tag-lava","17":"product_tag-rdeca-gobasta-korala","18":"product_tag-srebro-925","20":"first","21":"instock","22":"purchasable","23":"product-type-simple"},"_links":{"self":[{"href":"https:\/\/moirai.si\/de\/wp-json\/wp\/v2\/product\/14336","targetHints":{"allow":["GET"]}}],"collection":[{"href":"https:\/\/moirai.si\/de\/wp-json\/wp\/v2\/product"}],"about":[{"href":"https:\/\/moirai.si\/de\/wp-json\/wp\/v2\/types\/product"}],"wp:featuredmedia":[{"embeddable":true,"href":"https:\/\/moirai.si\/de\/wp-json\/wp\/v2\/media\/24134"}],"wp:attachment":[{"href":"https:\/\/moirai.si\/de\/wp-json\/wp\/v2\/media?parent=14336"}],"wp:term":[{"taxonomy":"product_brand","embeddable":true,"href":"https:\/\/moirai.si\/de\/wp-json\/wp\/v2\/product_brand?post=14336"},{"taxonomy":"product_cat","embeddable":true,"href":"https:\/\/moirai.si\/de\/wp-json\/wp\/v2\/product_cat?post=14336"},{"taxonomy":"product_tag","embeddable":true,"href":"https:\/\/moirai.si\/de\/wp-json\/wp\/v2\/product_tag?post=14336"}],"curies":[{"name":"wp","href":"https:\/\/api.w.org\/{rel}","templated":true}]}}