{"id":14387,"date":"2019-08-28T16:07:48","date_gmt":"2019-08-28T16:07:48","guid":{"rendered":"https:\/\/moirai.si\/?post_type=product&#038;p=14387"},"modified":"2025-11-24T12:48:01","modified_gmt":"2025-11-24T12:48:01","slug":"clasic-tigrovo-oko-3","status":"publish","type":"product","link":"https:\/\/moirai.si\/de\/izdelek\/clasic-tigrovo-oko-3\/","title":{"rendered":"Klassisches Tigerauge"},"content":{"rendered":"<p>Elegantna zapestnica kolekcije Clasic, ki je narejena iz Tigrovega O\u010desa ter rodiniranih srebrnih 925 elementov. Zapestnica je nizana na mehko, vendar mo\u010dno jekleno \u017eico. Slika je simboli\u010dna. Mo\u017ena so manj\u0161a odstopanja v barvi.<\/p>\n<p>Weitere Informationen: <a href=\"https:\/\/moirai.si\/de\/das-auge-des-tigers\/\" target=\"_blank\" rel=\"noopener noreferrer\">Tigerauge<\/a><\/p>\n<p>MATERIAL: Tigerauge, rhodiniertes 925er Silber<br \/>\nL\u00c4NGE: einstellbar 18,5-21 cm<br \/>\nTE\u017dA: 13,5 g<br \/>\nVELIKOST KAMNOV: 6-13 mm<br \/>\nSchlie\u00dfe: 9 mm<\/p>","protected":false},"excerpt":{"rendered":"<p>Elegantna zapestnica kolekcije Clasic, ki je narejena iz Tigrovega O\u010desa ter rodiniranih srebrnih 925 elementov. Zapestnica je nizana na mehko, vendar mo\u010dno jekleno \u017eico. Slika je simboli\u010dna. Mo\u017ena so manj\u0161a odstopanja v barvi. Ve\u010d informacij: Tigrovo Oko MATERIAL: Tigrovo Oko, rodinirano Srebro 925 DOL\u017dINA: prilagodljiva 18,5-21 cm TE\u017dA: 13,5 g VELIKOST KAMNOV: 6-13 mm ZAPONKA: [&hellip;]<\/p>\n","protected":false},"featured_media":24120,"template":"","meta":[],"product_brand":[],"product_cat":[208,820,821,822,823,1137,81],"product_tag":[637,199],"class_list":{"0":"post-14387","1":"product","2":"type-product","3":"status-publish","4":"has-post-thumbnail","6":"product_cat-clasic","7":"product_cat-do-18cm","8":"product_cat-od-18-do-19cm","9":"product_cat-od-19-do-20cm","10":"product_cat-od-20cm","11":"product_cat-ogled-vseh-zapestnice-2","12":"product_cat-tigrovo-oko","13":"product_tag-rodinirano-srebro-925","14":"product_tag-tigrovo-oko","16":"first","17":"instock","18":"purchasable","19":"product-type-simple"},"_links":{"self":[{"href":"https:\/\/moirai.si\/de\/wp-json\/wp\/v2\/product\/14387","targetHints":{"allow":["GET"]}}],"collection":[{"href":"https:\/\/moirai.si\/de\/wp-json\/wp\/v2\/product"}],"about":[{"href":"https:\/\/moirai.si\/de\/wp-json\/wp\/v2\/types\/product"}],"wp:featuredmedia":[{"embeddable":true,"href":"https:\/\/moirai.si\/de\/wp-json\/wp\/v2\/media\/24120"}],"wp:attachment":[{"href":"https:\/\/moirai.si\/de\/wp-json\/wp\/v2\/media?parent=14387"}],"wp:term":[{"taxonomy":"product_brand","embeddable":true,"href":"https:\/\/moirai.si\/de\/wp-json\/wp\/v2\/product_brand?post=14387"},{"taxonomy":"product_cat","embeddable":true,"href":"https:\/\/moirai.si\/de\/wp-json\/wp\/v2\/product_cat?post=14387"},{"taxonomy":"product_tag","embeddable":true,"href":"https:\/\/moirai.si\/de\/wp-json\/wp\/v2\/product_tag?post=14387"}],"curies":[{"name":"wp","href":"https:\/\/api.w.org\/{rel}","templated":true}]}}