{"id":14431,"date":"2019-08-29T08:37:04","date_gmt":"2019-08-29T08:37:04","guid":{"rendered":"https:\/\/moirai.si\/?post_type=product&#038;p=14431"},"modified":"2025-11-11T13:39:56","modified_gmt":"2025-11-11T13:39:56","slug":"bronzit-l","status":"publish","type":"product","link":"https:\/\/moirai.si\/de\/izdelek\/bronzit-l\/","title":{"rendered":"Bronzit L"},"content":{"rendered":"<p>Ein sch\u00f6nes St\u00fcck polierter Bronzit, geeignet als heilender Handstein oder als Geschenk f\u00fcr Ihre Lieben. Die Abbildung ist symbolisch. Geringe Abweichungen in Farbe, Gewicht und Form sind m\u00f6glich.<\/p>\n<p>Weitere Informationen: <a href=\"https:\/\/moirai.si\/de\/bronzit\/\" target=\"_blank\" rel=\"noopener noreferrer\">Bronzit<\/a><\/p>\n<p>MATERIAL: Bronzit<br \/>\nABMESSUNGEN: ca. 2-4 cm<br \/>\nGEWICHT: 30-40 g<\/p>","protected":false},"excerpt":{"rendered":"<p>\u010cudovit kos spoliranega Bronzita, primeren kot zdravilni ro\u010dni kamen ali kot darilo za va\u0161e najbli\u017enje. Slika je simboli\u010dna. Mo\u017ena so manj\u0161a odstopanja v barvi, te\u017ei in obliki. Ve\u010d informacij: Bronzit MATERIAL: Bronzit DIMENZIJE: cca 2-4 cm TE\u017dA: 30-40 g<\/p>","protected":false},"featured_media":22346,"template":"","meta":[],"product_brand":[],"product_cat":[520,753],"product_tag":[484],"class_list":{"0":"post-14431","1":"product","2":"type-product","3":"status-publish","4":"has-post-thumbnail","6":"product_cat-bronzit","7":"product_cat-rocni-kamni","8":"product_tag-bronzit","10":"first","11":"instock","12":"purchasable","13":"product-type-simple"},"_links":{"self":[{"href":"https:\/\/moirai.si\/de\/wp-json\/wp\/v2\/product\/14431","targetHints":{"allow":["GET"]}}],"collection":[{"href":"https:\/\/moirai.si\/de\/wp-json\/wp\/v2\/product"}],"about":[{"href":"https:\/\/moirai.si\/de\/wp-json\/wp\/v2\/types\/product"}],"wp:featuredmedia":[{"embeddable":true,"href":"https:\/\/moirai.si\/de\/wp-json\/wp\/v2\/media\/22346"}],"wp:attachment":[{"href":"https:\/\/moirai.si\/de\/wp-json\/wp\/v2\/media?parent=14431"}],"wp:term":[{"taxonomy":"product_brand","embeddable":true,"href":"https:\/\/moirai.si\/de\/wp-json\/wp\/v2\/product_brand?post=14431"},{"taxonomy":"product_cat","embeddable":true,"href":"https:\/\/moirai.si\/de\/wp-json\/wp\/v2\/product_cat?post=14431"},{"taxonomy":"product_tag","embeddable":true,"href":"https:\/\/moirai.si\/de\/wp-json\/wp\/v2\/product_tag?post=14431"}],"curies":[{"name":"wp","href":"https:\/\/api.w.org\/{rel}","templated":true}]}}