{"id":14465,"date":"2019-08-30T09:28:58","date_gmt":"2019-08-30T09:28:58","guid":{"rendered":"https:\/\/moirai.si\/?post_type=product&#038;p=14465"},"modified":"2026-02-02T09:52:10","modified_gmt":"2026-02-02T09:52:10","slug":"nihalo-rozevec-2","status":"publish","type":"product","link":"https:\/\/moirai.si\/de\/izdelek\/nihalo-rozevec-2\/","title":{"rendered":"Pendel Rosenquarz"},"content":{"rendered":"<p>Nihalo iz Ro\u017eevca na posrebreni veri\u017eici, zaklju\u010deno z bunkico iz kamna za preprosto uporabo. Slika je simboli\u010dna. Mo\u017ena so manj\u0161a odstopanja v barvi, te\u017ei in obliki.<\/p>\n<p>Weitere Informationen: <a href=\"https:\/\/moirai.si\/de\/der-landstreicher\/\" target=\"_blank\" rel=\"noopener noreferrer\">Rosenquarz<\/a>, <a href=\"https:\/\/moirai.si\/de\/pendel\/\" target=\"_blank\" rel=\"noopener noreferrer\">Nihalo<\/a><\/p>\n<p>MATERIAL: Kornelkirsche<br \/>\nGEWICHT: 5-15 g<br \/>\nSTEINGR\u00d6SSE: 3-5 cm<\/p>","protected":false},"excerpt":{"rendered":"<p>Nihalo iz Ro\u017eevca na posrebreni veri\u017eici, zaklju\u010deno z bunkico iz kamna za preprosto uporabo. Slika je simboli\u010dna. Mo\u017ena so manj\u0161a odstopanja v barvi, te\u017ei in obliki. Ve\u010d informacij: Ro\u017eevec, Nihalo MATERIAL: Ro\u017eevec TE\u017dA: 5-15 g VELIKOST KAMNOV: 3-5 cm<\/p>","protected":false},"featured_media":20218,"template":"","meta":[],"product_brand":[],"product_cat":[754,69],"product_tag":[368,225],"class_list":{"0":"post-14465","1":"product","2":"type-product","3":"status-publish","4":"has-post-thumbnail","6":"product_cat-nihala","7":"product_cat-rozevec","8":"product_tag-nihalo","9":"product_tag-rozevec","11":"first","12":"outofstock","13":"purchasable","14":"product-type-simple"},"_links":{"self":[{"href":"https:\/\/moirai.si\/de\/wp-json\/wp\/v2\/product\/14465","targetHints":{"allow":["GET"]}}],"collection":[{"href":"https:\/\/moirai.si\/de\/wp-json\/wp\/v2\/product"}],"about":[{"href":"https:\/\/moirai.si\/de\/wp-json\/wp\/v2\/types\/product"}],"wp:featuredmedia":[{"embeddable":true,"href":"https:\/\/moirai.si\/de\/wp-json\/wp\/v2\/media\/20218"}],"wp:attachment":[{"href":"https:\/\/moirai.si\/de\/wp-json\/wp\/v2\/media?parent=14465"}],"wp:term":[{"taxonomy":"product_brand","embeddable":true,"href":"https:\/\/moirai.si\/de\/wp-json\/wp\/v2\/product_brand?post=14465"},{"taxonomy":"product_cat","embeddable":true,"href":"https:\/\/moirai.si\/de\/wp-json\/wp\/v2\/product_cat?post=14465"},{"taxonomy":"product_tag","embeddable":true,"href":"https:\/\/moirai.si\/de\/wp-json\/wp\/v2\/product_tag?post=14465"}],"curies":[{"name":"wp","href":"https:\/\/api.w.org\/{rel}","templated":true}]}}