{"id":14467,"date":"2019-08-30T09:33:25","date_gmt":"2019-08-30T09:33:25","guid":{"rendered":"https:\/\/moirai.si\/?post_type=product&#038;p=14467"},"modified":"2026-02-02T09:52:02","modified_gmt":"2026-02-02T09:52:02","slug":"nihalo-ametist-2","status":"publish","type":"product","link":"https:\/\/moirai.si\/de\/izdelek\/nihalo-ametist-2\/","title":{"rendered":"Pendel Amethyst"},"content":{"rendered":"<p>Nihalo iz Ametista na posrebreni veri\u017eici, zaklju\u010deno z bunkico iz kamna za preprosto uporabo. Slika je simboli\u010dna. Mo\u017ena so manj\u0161a odstopanja v barvi, te\u017ei in obliki.<\/p>\n<p>Weitere Informationen: <a href=\"https:\/\/moirai.si\/de\/pendel\/\" target=\"_blank\" rel=\"noopener noreferrer\">Nihalo<\/a>, <a href=\"https:\/\/moirai.si\/de\/amethyst-2\/\" target=\"_blank\" rel=\"noopener noreferrer\">Amethyst<\/a><\/p>\n<p>MATERIAL: Amethyst<br \/>\nGEWICHT: 5-15 g<br \/>\nSTEINGR\u00d6SSE: 3-5 cm<\/p>","protected":false},"excerpt":{"rendered":"<p>Nihalo iz Ametista na posrebreni veri\u017eici, zaklju\u010deno z bunkico iz kamna za preprosto uporabo. Slika je simboli\u010dna. Mo\u017ena so manj\u0161a odstopanja v barvi, te\u017ei in obliki. Ve\u010d informacij: Nihalo, Ametist MATERIAL: Ametist TE\u017dA: 5-15 g VELIKOST KAMNOV: 3-5 cm<\/p>","protected":false},"featured_media":20986,"template":"","meta":[],"product_brand":[],"product_cat":[33,848,754],"product_tag":[195,368],"class_list":{"0":"post-14467","1":"product","2":"type-product","3":"status-publish","4":"has-post-thumbnail","6":"product_cat-ametist","7":"product_cat-kvarc","8":"product_cat-nihala","9":"product_tag-ametist","10":"product_tag-nihalo","12":"first","13":"outofstock","14":"purchasable","15":"product-type-simple"},"_links":{"self":[{"href":"https:\/\/moirai.si\/de\/wp-json\/wp\/v2\/product\/14467","targetHints":{"allow":["GET"]}}],"collection":[{"href":"https:\/\/moirai.si\/de\/wp-json\/wp\/v2\/product"}],"about":[{"href":"https:\/\/moirai.si\/de\/wp-json\/wp\/v2\/types\/product"}],"wp:featuredmedia":[{"embeddable":true,"href":"https:\/\/moirai.si\/de\/wp-json\/wp\/v2\/media\/20986"}],"wp:attachment":[{"href":"https:\/\/moirai.si\/de\/wp-json\/wp\/v2\/media?parent=14467"}],"wp:term":[{"taxonomy":"product_brand","embeddable":true,"href":"https:\/\/moirai.si\/de\/wp-json\/wp\/v2\/product_brand?post=14467"},{"taxonomy":"product_cat","embeddable":true,"href":"https:\/\/moirai.si\/de\/wp-json\/wp\/v2\/product_cat?post=14467"},{"taxonomy":"product_tag","embeddable":true,"href":"https:\/\/moirai.si\/de\/wp-json\/wp\/v2\/product_tag?post=14467"}],"curies":[{"name":"wp","href":"https:\/\/api.w.org\/{rel}","templated":true}]}}