{"id":14855,"date":"2019-10-29T17:51:21","date_gmt":"2019-10-29T17:51:21","guid":{"rendered":"https:\/\/moirai.si\/?post_type=product&#038;p=14855"},"modified":"2026-03-26T12:48:35","modified_gmt":"2026-03-26T12:48:35","slug":"obsidianspinne","status":"publish","type":"product","link":"https:\/\/moirai.si\/de\/izdelek\/obsidijan-pajcevinasti\/","title":{"rendered":"Obsidianische Spinne"},"content":{"rendered":"<p>Ein wundersch\u00f6nes St\u00fcck polierter Spinnweb-Obsidian, geeignet als heilender Handstein oder als Geschenk. Die Abbildung ist symbolisch. Geringe Abweichungen in Farbe, Gewicht und Form sind m\u00f6glich.<\/p>\n<p>Weitere Informationen: <a href=\"https:\/\/moirai.si\/de\/obsidian\/\" target=\"_blank\" rel=\"noopener noreferrer\">Obsidian<\/a><\/p>\n<p>MATERIAL: Spinnennetz-Obsidian<br \/>\nABMESSUNGEN: 2-5 cm<br \/>\nGEWICHT: 10-30 g<\/p>","protected":false},"excerpt":{"rendered":"<p>\u010cudovit kos spoliranega Paj\u010devinastega Obsidijana, primeren kot zdravilni ro\u010dni kamen ali kot darilo. Slika je simboli\u010dna. Mo\u017ena so manj\u0161a odstopanja v barvi, te\u017ei in obliki. Ve\u010d informacij: Obsidijan MATERIAL: Paj\u010devinasti Obsidijan (Spider Web Obsidian) DIMENZIJE: 2-5 cm TE\u017dA: 10-30 g<\/p>","protected":false},"featured_media":19962,"template":"","meta":[],"product_brand":[],"product_cat":[63,753],"product_tag":[864],"class_list":{"0":"post-14855","1":"product","2":"type-product","3":"status-publish","4":"has-post-thumbnail","6":"product_cat-obsidijan","7":"product_cat-rocni-kamni","8":"product_tag-pajcevinasti-obsidijan-spider-web-obsidian","10":"first","11":"instock","12":"purchasable","13":"product-type-simple"},"_links":{"self":[{"href":"https:\/\/moirai.si\/de\/wp-json\/wp\/v2\/product\/14855","targetHints":{"allow":["GET"]}}],"collection":[{"href":"https:\/\/moirai.si\/de\/wp-json\/wp\/v2\/product"}],"about":[{"href":"https:\/\/moirai.si\/de\/wp-json\/wp\/v2\/types\/product"}],"wp:featuredmedia":[{"embeddable":true,"href":"https:\/\/moirai.si\/de\/wp-json\/wp\/v2\/media\/19962"}],"wp:attachment":[{"href":"https:\/\/moirai.si\/de\/wp-json\/wp\/v2\/media?parent=14855"}],"wp:term":[{"taxonomy":"product_brand","embeddable":true,"href":"https:\/\/moirai.si\/de\/wp-json\/wp\/v2\/product_brand?post=14855"},{"taxonomy":"product_cat","embeddable":true,"href":"https:\/\/moirai.si\/de\/wp-json\/wp\/v2\/product_cat?post=14855"},{"taxonomy":"product_tag","embeddable":true,"href":"https:\/\/moirai.si\/de\/wp-json\/wp\/v2\/product_tag?post=14855"}],"curies":[{"name":"wp","href":"https:\/\/api.w.org\/{rel}","templated":true}]}}