{"id":14867,"date":"2019-10-29T19:03:02","date_gmt":"2019-10-29T19:03:02","guid":{"rendered":"https:\/\/moirai.si\/?post_type=product&#038;p=14867"},"modified":"2025-11-11T13:39:18","modified_gmt":"2025-11-11T13:39:18","slug":"obsidijan-crni","status":"publish","type":"product","link":"https:\/\/moirai.si\/de\/izdelek\/obsidijan-crni\/","title":{"rendered":"Obsidianschwarz"},"content":{"rendered":"<p>\u010cudovit kos spoliranega \u010drnega Obsidijana, primeren kot zdravilni ro\u010dni kamen ali kot darilo. Slika je simboli\u010dna. Mo\u017ena so manj\u0161a odstopanja v barvi, te\u017ei in obliki.<\/p>\n<p>Weitere Informationen: <a href=\"https:\/\/moirai.si\/de\/obsidian\/\" target=\"_blank\" rel=\"noopener noreferrer\">Obsidian<\/a><\/p>\n<p>MATERIAL: \u010drni Obsidijan (Brazilija)<br \/>\nABMESSUNGEN: 1,5-4 cm<br \/>\nGEWICHT: 5-20 g<\/p>","protected":false},"excerpt":{"rendered":"<p>\u010cudovit kos spoliranega \u010drnega Obsidijana, primeren kot zdravilni ro\u010dni kamen ali kot darilo. Slika je simboli\u010dna. Mo\u017ena so manj\u0161a odstopanja v barvi, te\u017ei in obliki. Ve\u010d informacij: Obsidijan MATERIAL: \u010drni Obsidijan (Brazilija) DIMENZIJE: 1,5-4 cm TE\u017dA: 5-20 g<\/p>","protected":false},"featured_media":19986,"template":"","meta":[],"product_brand":[],"product_cat":[63,753],"product_tag":[868],"class_list":{"0":"post-14867","1":"product","2":"type-product","3":"status-publish","4":"has-post-thumbnail","6":"product_cat-obsidijan","7":"product_cat-rocni-kamni","8":"product_tag-crni-obsidijan","10":"first","11":"instock","12":"purchasable","13":"product-type-simple"},"_links":{"self":[{"href":"https:\/\/moirai.si\/de\/wp-json\/wp\/v2\/product\/14867","targetHints":{"allow":["GET"]}}],"collection":[{"href":"https:\/\/moirai.si\/de\/wp-json\/wp\/v2\/product"}],"about":[{"href":"https:\/\/moirai.si\/de\/wp-json\/wp\/v2\/types\/product"}],"wp:featuredmedia":[{"embeddable":true,"href":"https:\/\/moirai.si\/de\/wp-json\/wp\/v2\/media\/19986"}],"wp:attachment":[{"href":"https:\/\/moirai.si\/de\/wp-json\/wp\/v2\/media?parent=14867"}],"wp:term":[{"taxonomy":"product_brand","embeddable":true,"href":"https:\/\/moirai.si\/de\/wp-json\/wp\/v2\/product_brand?post=14867"},{"taxonomy":"product_cat","embeddable":true,"href":"https:\/\/moirai.si\/de\/wp-json\/wp\/v2\/product_cat?post=14867"},{"taxonomy":"product_tag","embeddable":true,"href":"https:\/\/moirai.si\/de\/wp-json\/wp\/v2\/product_tag?post=14867"}],"curies":[{"name":"wp","href":"https:\/\/api.w.org\/{rel}","templated":true}]}}