{"id":15194,"date":"2019-12-17T19:46:40","date_gmt":"2019-12-17T19:46:40","guid":{"rendered":"https:\/\/moirai.si\/?post_type=product&#038;p=15194"},"modified":"2023-02-08T16:52:57","modified_gmt":"2023-02-08T16:52:57","slug":"versy-ahat-15","status":"publish","type":"product","link":"https:\/\/moirai.si\/de\/izdelek\/versy-ahat-15\/","title":{"rendered":"Versy Achat"},"content":{"rendered":"<p>Einzigartiger Anh\u00e4nger aus der Versy-Kollektion von Ahato an einem schwarzen Lederband mit verstellbarer L\u00e4nge (Knoten nach oben oder unten ziehen). Die Kette ist unisex und f\u00fcr Kinder und Erwachsene geeignet. <\/p>\n<p>Weitere Informationen: <a href=\"https:\/\/moirai.si\/de\/achat\/\" target=\"_blank\" rel=\"noopener noreferrer\">Achat<\/a><\/p>\n<p>MATERIAL: Achat, schwarzes Leder<br \/>\nL\u00c4NGE: einstellbar (38-77 cm)<br \/>\nGEWICHT: 10,3 g<br \/>\nSTEINGR\u00d6SSE: 2-3,3 cm<br \/>\nSTEINDICKE: 1,1 cm<\/p>","protected":false},"excerpt":{"rendered":"<p>Unikaten obesek kolekcije Versy iz Ahata na \u010drnem usnjenem traku s prilagodljivo dol\u017eino (poteg vozla gor oz. dol). Ogrlica je unisex in je primerna za otroke in odrasle. Ve\u010d informacij: Ahat MATERIAL: Ahat, \u010drno usnje DOL\u017dINA: prilagodljiva (38-77 cm) TE\u017dA: 10.3 g VELIKOST KAMNA: 2-3.3 cm DEBELINA KAMNA: 1.1cm<\/p>","protected":false},"featured_media":15195,"template":"","meta":[],"product_brand":[],"product_cat":[30,92,309],"product_tag":[277,648],"class_list":{"0":"post-15194","1":"product","2":"type-product","3":"status-publish","4":"has-post-thumbnail","6":"product_cat-ahat","7":"product_cat-obeski-in-usnje","8":"product_cat-versy","9":"product_tag-ahat","10":"product_tag-crno-usnje","12":"first","13":"instock","14":"purchasable","15":"product-type-simple"},"_links":{"self":[{"href":"https:\/\/moirai.si\/de\/wp-json\/wp\/v2\/product\/15194","targetHints":{"allow":["GET"]}}],"collection":[{"href":"https:\/\/moirai.si\/de\/wp-json\/wp\/v2\/product"}],"about":[{"href":"https:\/\/moirai.si\/de\/wp-json\/wp\/v2\/types\/product"}],"wp:featuredmedia":[{"embeddable":true,"href":"https:\/\/moirai.si\/de\/wp-json\/wp\/v2\/media\/15195"}],"wp:attachment":[{"href":"https:\/\/moirai.si\/de\/wp-json\/wp\/v2\/media?parent=15194"}],"wp:term":[{"taxonomy":"product_brand","embeddable":true,"href":"https:\/\/moirai.si\/de\/wp-json\/wp\/v2\/product_brand?post=15194"},{"taxonomy":"product_cat","embeddable":true,"href":"https:\/\/moirai.si\/de\/wp-json\/wp\/v2\/product_cat?post=15194"},{"taxonomy":"product_tag","embeddable":true,"href":"https:\/\/moirai.si\/de\/wp-json\/wp\/v2\/product_tag?post=15194"}],"curies":[{"name":"wp","href":"https:\/\/api.w.org\/{rel}","templated":true}]}}