{"id":15524,"date":"2020-01-21T15:17:38","date_gmt":"2020-01-21T15:17:38","guid":{"rendered":"https:\/\/moirai.si\/?post_type=product&#038;p=15524"},"modified":"2025-01-09T13:20:44","modified_gmt":"2025-01-09T13:20:44","slug":"jajce-sodalit-m","status":"publish","type":"product","link":"https:\/\/moirai.si\/de\/izdelek\/jajce-sodalit-m\/","title":{"rendered":"Sodalith M Ei"},"content":{"rendered":"<p>\u010cudovit kos ro\u010dno spoliranega jaj\u010dka iz Sodalita, primeren kot zdravilni ro\u010dni kamen ali kot darilo. Slika je simboli\u010dna. Mo\u017ena so manj\u0161a odstopanja v barvi, te\u017ei in obliki.<\/p>\n<p>MATERIAL: Sodalith<br \/>\nDIMENZIJE: 4.1-2.9 cm<br \/>\nTE\u017dA: cca 50 g<\/p>","protected":false},"excerpt":{"rendered":"<p>\u010cudovit kos ro\u010dno spoliranega jaj\u010dka iz Sodalita, primeren kot zdravilni ro\u010dni kamen ali kot darilo. Slika je simboli\u010dna. Mo\u017ena so manj\u0161a odstopanja v barvi, te\u017ei in obliki. MATERIAL: Sodalit DIMENZIJE: 4.1-2.9 cm TE\u017dA: cca 50 g<\/p>","protected":false},"featured_media":25787,"template":"","meta":[],"product_brand":[],"product_cat":[752,77],"product_tag":[886],"class_list":{"0":"post-15524","1":"product","2":"type-product","3":"status-publish","4":"has-post-thumbnail","6":"product_cat-jajcka","7":"product_cat-sodalit","8":"product_tag-sodalit-yoni-jajcka","10":"first","11":"instock","12":"purchasable","13":"product-type-simple"},"_links":{"self":[{"href":"https:\/\/moirai.si\/de\/wp-json\/wp\/v2\/product\/15524","targetHints":{"allow":["GET"]}}],"collection":[{"href":"https:\/\/moirai.si\/de\/wp-json\/wp\/v2\/product"}],"about":[{"href":"https:\/\/moirai.si\/de\/wp-json\/wp\/v2\/types\/product"}],"wp:featuredmedia":[{"embeddable":true,"href":"https:\/\/moirai.si\/de\/wp-json\/wp\/v2\/media\/25787"}],"wp:attachment":[{"href":"https:\/\/moirai.si\/de\/wp-json\/wp\/v2\/media?parent=15524"}],"wp:term":[{"taxonomy":"product_brand","embeddable":true,"href":"https:\/\/moirai.si\/de\/wp-json\/wp\/v2\/product_brand?post=15524"},{"taxonomy":"product_cat","embeddable":true,"href":"https:\/\/moirai.si\/de\/wp-json\/wp\/v2\/product_cat?post=15524"},{"taxonomy":"product_tag","embeddable":true,"href":"https:\/\/moirai.si\/de\/wp-json\/wp\/v2\/product_tag?post=15524"}],"curies":[{"name":"wp","href":"https:\/\/api.w.org\/{rel}","templated":true}]}}