{"id":15529,"date":"2020-01-21T18:36:27","date_gmt":"2020-01-21T18:36:27","guid":{"rendered":"https:\/\/moirai.si\/?post_type=product&#038;p=15529"},"modified":"2026-03-26T12:48:45","modified_gmt":"2026-03-26T12:48:45","slug":"bronzit-m","status":"publish","type":"product","link":"https:\/\/moirai.si\/de\/izdelek\/bronzit-m\/","title":{"rendered":"Bronzit M"},"content":{"rendered":"<p>Ein sch\u00f6nes St\u00fcck polierter Bronzit, geeignet als heilender Handstein oder als Geschenk f\u00fcr Ihre Lieben. Die Abbildung ist symbolisch. Geringe Abweichungen in Farbe, Gewicht und Form sind m\u00f6glich.<\/p>\n<p>Weitere Informationen: <a href=\"https:\/\/moirai.si\/de\/bronzit\/\" target=\"_blank\" rel=\"noopener noreferrer\">Bronzit<\/a><\/p>\n<p>MATERIAL: Bronzit<br \/>\nABMESSUNGEN: ca. 1,5-2,5 cm<br \/>\nGEWICHT: 15-30 g<\/p>","protected":false},"excerpt":{"rendered":"<p>\u010cudovit kos spoliranega Bronzita, primeren kot zdravilni ro\u010dni kamen ali kot darilo za va\u0161e najbli\u017enje. Slika je simboli\u010dna. Mo\u017ena so manj\u0161a odstopanja v barvi, te\u017ei in obliki. Ve\u010d informacij: Bronzit MATERIAL: Bronzit DIMENZIJE: cca 1,5-2,5 cm TE\u017dA: 15-30 g<\/p>","protected":false},"featured_media":22345,"template":"","meta":[],"product_brand":[],"product_cat":[520,753],"product_tag":[484],"class_list":{"0":"post-15529","1":"product","2":"type-product","3":"status-publish","4":"has-post-thumbnail","6":"product_cat-bronzit","7":"product_cat-rocni-kamni","8":"product_tag-bronzit","10":"first","11":"instock","12":"purchasable","13":"product-type-simple"},"_links":{"self":[{"href":"https:\/\/moirai.si\/de\/wp-json\/wp\/v2\/product\/15529","targetHints":{"allow":["GET"]}}],"collection":[{"href":"https:\/\/moirai.si\/de\/wp-json\/wp\/v2\/product"}],"about":[{"href":"https:\/\/moirai.si\/de\/wp-json\/wp\/v2\/types\/product"}],"wp:featuredmedia":[{"embeddable":true,"href":"https:\/\/moirai.si\/de\/wp-json\/wp\/v2\/media\/22345"}],"wp:attachment":[{"href":"https:\/\/moirai.si\/de\/wp-json\/wp\/v2\/media?parent=15529"}],"wp:term":[{"taxonomy":"product_brand","embeddable":true,"href":"https:\/\/moirai.si\/de\/wp-json\/wp\/v2\/product_brand?post=15529"},{"taxonomy":"product_cat","embeddable":true,"href":"https:\/\/moirai.si\/de\/wp-json\/wp\/v2\/product_cat?post=15529"},{"taxonomy":"product_tag","embeddable":true,"href":"https:\/\/moirai.si\/de\/wp-json\/wp\/v2\/product_tag?post=15529"}],"curies":[{"name":"wp","href":"https:\/\/api.w.org\/{rel}","templated":true}]}}