{"id":15546,"date":"2020-01-22T13:09:43","date_gmt":"2020-01-22T13:09:43","guid":{"rendered":"https:\/\/moirai.si\/?post_type=product&#038;p=15546"},"modified":"2025-11-11T13:39:08","modified_gmt":"2025-11-11T13:39:08","slug":"rauchquarz-l","status":"publish","type":"product","link":"https:\/\/moirai.si\/de\/izdelek\/kvarc-dimni-l\/","title":{"rendered":"Quarz-Rauch L"},"content":{"rendered":"<p>Ein sch\u00f6nes St\u00fcck polierter Rauchquarz (Brasilien), geeignet als heilender Handstein oder als Geschenk f\u00fcr Ihre Lieben. Die Abbildung ist symbolisch. Geringe Abweichungen in Farbe, Gewicht und Form sind m\u00f6glich.<\/p>\n<p>Weitere Informationen: <a href=\"https:\/\/moirai.si\/de\/quarz\/\" target=\"_blank\" rel=\"noopener noreferrer\">Quarz<\/a><\/p>\n<p>MATERIAL: Rauchquarz (Chadavec)<br \/>\nABMESSUNGEN: 1,5-4 cm<br \/>\nGEWICHT: 15-35 g<\/p>","protected":false},"excerpt":{"rendered":"<p>\u010cudovit kos spoliranega Dimnega Kvarca (Brazilija), primeren kot zdravilni ro\u010dni kamen ali kot darilo za va\u0161e najbli\u017enje. Slika je simboli\u010dna. Mo\u017ena so manj\u0161a odstopanja v barvi, te\u017ei in obliki. Ve\u010d informacij: Kvarc MATERIAL: Dimni Kvarc (\u010cadavec) DIMENZIJE: 1,5-4 cm TE\u017dA: 15-35 g<\/p>","protected":false},"featured_media":25712,"template":"","meta":[],"product_brand":[],"product_cat":[848,753],"product_tag":[842],"class_list":{"0":"post-15546","1":"product","2":"type-product","3":"status-publish","4":"has-post-thumbnail","6":"product_cat-kvarc","7":"product_cat-rocni-kamni","8":"product_tag-dimni-kvarc-cadavec","10":"first","11":"instock","12":"purchasable","13":"product-type-simple"},"_links":{"self":[{"href":"https:\/\/moirai.si\/de\/wp-json\/wp\/v2\/product\/15546","targetHints":{"allow":["GET"]}}],"collection":[{"href":"https:\/\/moirai.si\/de\/wp-json\/wp\/v2\/product"}],"about":[{"href":"https:\/\/moirai.si\/de\/wp-json\/wp\/v2\/types\/product"}],"wp:featuredmedia":[{"embeddable":true,"href":"https:\/\/moirai.si\/de\/wp-json\/wp\/v2\/media\/25712"}],"wp:attachment":[{"href":"https:\/\/moirai.si\/de\/wp-json\/wp\/v2\/media?parent=15546"}],"wp:term":[{"taxonomy":"product_brand","embeddable":true,"href":"https:\/\/moirai.si\/de\/wp-json\/wp\/v2\/product_brand?post=15546"},{"taxonomy":"product_cat","embeddable":true,"href":"https:\/\/moirai.si\/de\/wp-json\/wp\/v2\/product_cat?post=15546"},{"taxonomy":"product_tag","embeddable":true,"href":"https:\/\/moirai.si\/de\/wp-json\/wp\/v2\/product_tag?post=15546"}],"curies":[{"name":"wp","href":"https:\/\/api.w.org\/{rel}","templated":true}]}}